{"id":327,"date":"2021-10-14T08:34:53","date_gmt":"2021-10-14T08:34:53","guid":{"rendered":"https:\/\/latelierabali.com\/product\/green-wooden-heart\/"},"modified":"2021-11-12T08:37:05","modified_gmt":"2021-11-12T08:37:05","slug":"green-wooden-heart","status":"publish","type":"product","link":"https:\/\/www.latelierabali.com\/fr\/produit\/green-wooden-heart\/","title":{"rendered":"Coeur en bois vert"},"content":{"rendered":"<div data-elementor-type=\"section\" data-elementor-id=\"327\" class=\"elementor elementor-327\" data-elementor-post-type=\"product\">\n\t\t\t\t\t<section class=\"elementor-section elementor-top-section elementor-element elementor-element-79654fb1 elementor-section-boxed elementor-section-height-default elementor-section-height-default\" data-id=\"79654fb1\" data-element_type=\"section\" data-e-type=\"section\" data-settings=\"{&quot;background_background&quot;:&quot;classic&quot;}\">\n\t\t\t\t\t\t\t<div class=\"elementor-background-overlay\"><\/div>\n\t\t\t\t\t\t\t<div class=\"elementor-container elementor-column-gap-default\">\n\t\t\t\t\t<div class=\"elementor-column elementor-col-100 elementor-top-column elementor-element elementor-element-69ed4482\" data-id=\"69ed4482\" data-element_type=\"column\" data-e-type=\"column\">\n\t\t\t<div class=\"elementor-widget-wrap elementor-element-populated\">\n\t\t\t\t\t\t<div class=\"elementor-element elementor-element-6c55e3d0 elementor-widget elementor-widget-heading\" data-id=\"6c55e3d0\" data-element_type=\"widget\" data-e-type=\"widget\" data-widget_type=\"heading.default\">\n\t\t\t\t<div class=\"elementor-widget-container\">\n\t\t\t\t\t<h1 class=\"elementor-heading-title elementor-size-default\">Notre portfolio<\/h1>\t\t\t\t<\/div>\n\t\t\t\t<\/div>\n\t\t\t\t<div class=\"elementor-element elementor-element-5d8a5b1e elementor-widget elementor-widget-text-editor\" data-id=\"5d8a5b1e\" data-element_type=\"widget\" data-e-type=\"widget\" data-widget_type=\"text-editor.default\">\n\t\t\t\t<div class=\"elementor-widget-container\">\n\t\t\t\t\t\t\t\t\tEu iusto dolorum pro, facer oportere duo ne. <br>Cum ei commune instructior. Ne dicat qualisque ullamcorper ius, <br>ubique dolorum consetetur in vis. Nisl commodo te sed.\t\t\t\t\t\t\t\t<\/div>\n\t\t\t\t<\/div>\n\t\t\t\t<div class=\"elementor-element elementor-element-5a110f58 elementor-pagination-position-inside elementor-arrows-position-inside elementor-widget elementor-widget-image-carousel\" data-id=\"5a110f58\" data-element_type=\"widget\" data-e-type=\"widget\" data-settings=\"{&quot;slides_to_show&quot;:&quot;3&quot;,&quot;slides_to_scroll&quot;:&quot;1&quot;,&quot;navigation&quot;:&quot;both&quot;,&quot;autoplay&quot;:&quot;yes&quot;,&quot;pause_on_hover&quot;:&quot;yes&quot;,&quot;pause_on_interaction&quot;:&quot;yes&quot;,&quot;autoplay_speed&quot;:5000,&quot;infinite&quot;:&quot;yes&quot;,&quot;speed&quot;:500,&quot;image_spacing_custom&quot;:{&quot;unit&quot;:&quot;px&quot;,&quot;size&quot;:20,&quot;sizes&quot;:[]},&quot;image_spacing_custom_tablet&quot;:{&quot;unit&quot;:&quot;px&quot;,&quot;size&quot;:&quot;&quot;,&quot;sizes&quot;:[]},&quot;image_spacing_custom_mobile&quot;:{&quot;unit&quot;:&quot;px&quot;,&quot;size&quot;:&quot;&quot;,&quot;sizes&quot;:[]}}\" data-widget_type=\"image-carousel.default\">\n\t\t\t\t<div class=\"elementor-widget-container\">\n\t\t\t\t\t\t\t<div class=\"elementor-image-carousel-wrapper swiper\" role=\"region\" aria-roledescription=\"carousel\" aria-label=\"Image Carousel\" dir=\"ltr\">\n\t\t\t<div class=\"elementor-image-carousel swiper-wrapper\" aria-live=\"off\">\n\t\t\t\t\t\t\t\t<div class=\"swiper-slide\" role=\"group\" aria-roledescription=\"slide\" aria-label=\"1 of 7\"><figure class=\"swiper-slide-inner\"><img decoding=\"async\" class=\"swiper-slide-image\" src=\"https:\/\/latelierabali.com\/wp-content\/uploads\/2021\/08\/jamie-street-105287-unsplash.jpg\" alt=\"Un ensemble d&#039;\u00e9toiles de mer en bois\" \/><\/figure><\/div><div class=\"swiper-slide\" role=\"group\" aria-roledescription=\"slide\" aria-label=\"2 of 7\"><figure class=\"swiper-slide-inner\"><img decoding=\"async\" class=\"swiper-slide-image\" src=\"https:\/\/www.latelierabali.com\/wp-content\/uploads\/elementor\/thumbs\/3ea2e0_c6516a49bf614047bcfe2e94f7c6b45fmv2-3-pzcesp926unjhf82cm4hkij1faqw444cfqpp4p7ecw.png\" alt=\"Un ensemble d&#039;\u00e9toiles de mer en bois\" \/><\/figure><\/div><div class=\"swiper-slide\" role=\"group\" aria-roledescription=\"slide\" aria-label=\"3 of 7\"><figure class=\"swiper-slide-inner\"><img decoding=\"async\" class=\"swiper-slide-image\" src=\"https:\/\/latelierabali.com\/wp-content\/uploads\/2021\/08\/aleksandar-jason-137349-unsplash.jpg\" alt=\"Un ensemble de 3 cactus en bois\" \/><\/figure><\/div><div class=\"swiper-slide\" role=\"group\" aria-roledescription=\"slide\" aria-label=\"4 of 7\"><figure class=\"swiper-slide-inner\"><img decoding=\"async\" class=\"swiper-slide-image\" src=\"https:\/\/www.latelierabali.com\/wp-content\/uploads\/elementor\/thumbs\/3ea2e0_c5604e51ebbd429a81a846803be8ac27mv2-3-q86d2qcc8xzg4qbo5f8hk353adqed7p4989qgusm7k.png\" alt=\"Un ensemble de 3 cactus en bois\" \/><\/figure><\/div><div class=\"swiper-slide\" role=\"group\" aria-roledescription=\"slide\" aria-label=\"5 of 7\"><figure class=\"swiper-slide-inner\"><img decoding=\"async\" class=\"swiper-slide-image\" src=\"https:\/\/latelierabali.com\/wp-content\/uploads\/2021\/08\/aideal-hwa-600523-unsplash.jpg\" alt=\"D\u00e9coration en bois sur pied\" \/><\/figure><\/div><div class=\"swiper-slide\" role=\"group\" aria-roledescription=\"slide\" aria-label=\"6 of 7\"><figure class=\"swiper-slide-inner\"><img decoding=\"async\" class=\"swiper-slide-image\" src=\"https:\/\/latelierabali.com\/wp-content\/uploads\/2021\/08\/nickey-kolev-544018-unsplash.jpg\" alt=\"Coeur en bois rouge\" \/><\/figure><\/div><div class=\"swiper-slide\" role=\"group\" aria-roledescription=\"slide\" aria-label=\"7 of 7\"><figure class=\"swiper-slide-inner\"><img decoding=\"async\" class=\"swiper-slide-image\" src=\"https:\/\/latelierabali.com\/wp-content\/uploads\/2021\/08\/halanna-halila-557324-unsplash.jpg\" alt=\"Collier de coquillage blanc\" \/><\/figure><\/div>\t\t\t<\/div>\n\t\t\t\t\t\t\t\t\t\t\t\t<div class=\"elementor-swiper-button elementor-swiper-button-prev\" role=\"button\" tabindex=\"0\">\n\t\t\t\t\t\t<i aria-hidden=\"true\" class=\"eicon-chevron-left\"><\/i>\t\t\t\t\t<\/div>\n\t\t\t\t\t<div class=\"elementor-swiper-button elementor-swiper-button-next\" role=\"button\" tabindex=\"0\">\n\t\t\t\t\t\t<i aria-hidden=\"true\" class=\"eicon-chevron-right\"><\/i>\t\t\t\t\t<\/div>\n\t\t\t\t\n\t\t\t\t\t\t\t\t\t<div class=\"swiper-pagination\"><\/div>\n\t\t\t\t\t\t\t\t\t<\/div>\n\t\t\t\t\t\t<\/div>\n\t\t\t\t<\/div>\n\t\t\t\t\t<\/div>\n\t\t<\/div>\n\t\t\t\t\t<\/div>\n\t\t<\/section>\n\t\t\t\t<\/div>","protected":false},"excerpt":{"rendered":"<p>Green Wooden Heart &nbsp; Size: S: 20 cm = \u20ac 3.01 M:25 cm= \u20ac 3.76 L: 30 cm= \u20ac 4.51 &nbsp; &nbsp; &nbsp;<\/p>","protected":false},"featured_media":328,"comment_status":"open","ping_status":"closed","template":"","meta":{"site-sidebar-layout":"default","site-content-layout":"default","ast-site-content-layout":"default","site-content-style":"default","site-sidebar-style":"default","ast-global-header-display":"","ast-banner-title-visibility":"","ast-main-header-display":"","ast-hfb-above-header-display":"","ast-hfb-below-header-display":"","ast-hfb-mobile-header-display":"","site-post-title":"","ast-breadcrumbs-content":"","ast-featured-img":"","footer-sml-layout":"","ast-disable-related-posts":"","theme-transparent-header-meta":"default","adv-header-id-meta":"","stick-header-meta":"default","header-above-stick-meta":"","header-main-stick-meta":"","header-below-stick-meta":"","astra-migrate-meta-layouts":"default","ast-page-background-enabled":"default","ast-page-background-meta":{"desktop":{"background-color":"","background-image":"","background-repeat":"repeat","background-position":"center center","background-size":"auto","background-attachment":"scroll","background-type":"","background-media":"","overlay-type":"","overlay-color":"","overlay-opacity":"","overlay-gradient":""},"tablet":{"background-color":"","background-image":"","background-repeat":"repeat","background-position":"center center","background-size":"auto","background-attachment":"scroll","background-type":"","background-media":"","overlay-type":"","overlay-color":"","overlay-opacity":"","overlay-gradient":""},"mobile":{"background-color":"","background-image":"","background-repeat":"repeat","background-position":"center center","background-size":"auto","background-attachment":"scroll","background-type":"","background-media":"","overlay-type":"","overlay-color":"","overlay-opacity":"","overlay-gradient":""}},"ast-content-background-meta":{"desktop":{"background-color":"var(--ast-global-color-5)","background-image":"","background-repeat":"repeat","background-position":"center center","background-size":"auto","background-attachment":"scroll","background-type":"","background-media":"","overlay-type":"","overlay-color":"","overlay-opacity":"","overlay-gradient":""},"tablet":{"background-color":"var(--ast-global-color-5)","background-image":"","background-repeat":"repeat","background-position":"center center","background-size":"auto","background-attachment":"scroll","background-type":"","background-media":"","overlay-type":"","overlay-color":"","overlay-opacity":"","overlay-gradient":""},"mobile":{"background-color":"var(--ast-global-color-5)","background-image":"","background-repeat":"repeat","background-position":"center center","background-size":"auto","background-attachment":"scroll","background-type":"","background-media":"","overlay-type":"","overlay-color":"","overlay-opacity":"","overlay-gradient":""}}},"product_brand":[],"product_cat":[246,66,45,47],"product_tag":[],"class_list":{"0":"post-327","1":"product","2":"type-product","3":"status-publish","4":"has-post-thumbnail","6":"product_cat-handycraft","7":"product_cat-handycraft-from-bali","8":"product_cat-indoor-decorations","9":"product_cat-outdoor-decorations","10":"desktop-align-left","11":"tablet-align-left","12":"mobile-align-left","14":"first","15":"instock","16":"purchasable","17":"product-type-simple"},"yoast_head":"<!-- This site is optimized with the Yoast SEO plugin v27.6 - https:\/\/yoast.com\/product\/yoast-seo-wordpress\/ -->\n<title>Green Wooden Heart<\/title>\n<meta name=\"description\" content=\"Green Wooden Heart\u00a0Size:S: 20 cm = \u20ac 3.01M:25 cm= \u20ac 3.76L: 30 cm= \u20ac 4.51\u00a0\u00a0\u00a0\" \/>\n<meta name=\"robots\" content=\"index, follow, max-snippet:-1, max-image-preview:large, max-video-preview:-1\" \/>\n<link rel=\"canonical\" href=\"https:\/\/www.latelierabali.com\/fr\/produit\/green-wooden-heart\/\" \/>\n<meta property=\"og:locale\" content=\"fr_FR\" \/>\n<meta property=\"og:type\" content=\"article\" \/>\n<meta property=\"og:title\" content=\"Green Wooden Heart\" \/>\n<meta property=\"og:description\" content=\"Green Wooden Heart\u00a0Size:S: 20 cm = \u20ac 3.01M:25 cm= \u20ac 3.76L: 30 cm= \u20ac 4.51\u00a0\u00a0\u00a0\" \/>\n<meta property=\"og:url\" content=\"https:\/\/www.latelierabali.com\/fr\/produit\/green-wooden-heart\/\" \/>\n<meta property=\"og:site_name\" content=\"L&#039;atelier A Bali\" \/>\n<meta property=\"article:publisher\" content=\"https:\/\/www.facebook.com\/latelierabali\" \/>\n<meta property=\"article:modified_time\" content=\"2021-11-12T08:37:05+00:00\" \/>\n<meta property=\"og:image\" content=\"https:\/\/www.latelierabali.com\/wp-content\/uploads\/2021\/10\/3ea2e0_6246ee197d66471eb77a0e266cf808cemv2-3.png\" \/>\n\t<meta property=\"og:image:width\" content=\"1080\" \/>\n\t<meta property=\"og:image:height\" content=\"1080\" \/>\n\t<meta property=\"og:image:type\" content=\"image\/png\" \/>\n<meta name=\"twitter:card\" content=\"summary_large_image\" \/>\n<script type=\"application\/ld+json\" class=\"yoast-schema-graph\">{\"@context\":\"https:\\\/\\\/schema.org\",\"@graph\":[{\"@type\":[\"WebPage\",\"ItemPage\"],\"@id\":\"https:\\\/\\\/www.latelierabali.com\\\/product\\\/green-wooden-heart\\\/\",\"url\":\"https:\\\/\\\/www.latelierabali.com\\\/product\\\/green-wooden-heart\\\/\",\"name\":\"Green Wooden Heart\",\"isPartOf\":{\"@id\":\"https:\\\/\\\/www.latelierabali.com\\\/#website\"},\"primaryImageOfPage\":{\"@id\":\"https:\\\/\\\/www.latelierabali.com\\\/product\\\/green-wooden-heart\\\/#primaryimage\"},\"image\":{\"@id\":\"https:\\\/\\\/www.latelierabali.com\\\/product\\\/green-wooden-heart\\\/#primaryimage\"},\"thumbnailUrl\":\"https:\\\/\\\/www.latelierabali.com\\\/wp-content\\\/uploads\\\/2021\\\/10\\\/3ea2e0_6246ee197d66471eb77a0e266cf808cemv2-3.png\",\"datePublished\":\"2021-10-14T08:34:53+00:00\",\"dateModified\":\"2021-11-12T08:37:05+00:00\",\"description\":\"Green Wooden Heart\u00a0Size:S: 20 cm = \u20ac 3.01M:25 cm= \u20ac 3.76L: 30 cm= \u20ac 4.51\u00a0\u00a0\u00a0\",\"breadcrumb\":{\"@id\":\"https:\\\/\\\/www.latelierabali.com\\\/product\\\/green-wooden-heart\\\/#breadcrumb\"},\"inLanguage\":\"fr-FR\",\"potentialAction\":[{\"@type\":\"ReadAction\",\"target\":[\"https:\\\/\\\/www.latelierabali.com\\\/product\\\/green-wooden-heart\\\/\"]}]},{\"@type\":\"ImageObject\",\"inLanguage\":\"fr-FR\",\"@id\":\"https:\\\/\\\/www.latelierabali.com\\\/product\\\/green-wooden-heart\\\/#primaryimage\",\"url\":\"https:\\\/\\\/www.latelierabali.com\\\/wp-content\\\/uploads\\\/2021\\\/10\\\/3ea2e0_6246ee197d66471eb77a0e266cf808cemv2-3.png\",\"contentUrl\":\"https:\\\/\\\/www.latelierabali.com\\\/wp-content\\\/uploads\\\/2021\\\/10\\\/3ea2e0_6246ee197d66471eb77a0e266cf808cemv2-3.png\",\"width\":1080,\"height\":1080,\"caption\":\"Green Wooden Heart\"},{\"@type\":\"BreadcrumbList\",\"@id\":\"https:\\\/\\\/www.latelierabali.com\\\/product\\\/green-wooden-heart\\\/#breadcrumb\",\"itemListElement\":[{\"@type\":\"ListItem\",\"position\":1,\"name\":\"Home\",\"item\":\"https:\\\/\\\/www.latelierabali.com\\\/\"},{\"@type\":\"ListItem\",\"position\":2,\"name\":\"Our Product\",\"item\":\"https:\\\/\\\/www.latelierabali.com\\\/?page_id=4133\"},{\"@type\":\"ListItem\",\"position\":3,\"name\":\"Green Wooden Heart\"}]},{\"@type\":\"WebSite\",\"@id\":\"https:\\\/\\\/www.latelierabali.com\\\/#website\",\"url\":\"https:\\\/\\\/www.latelierabali.com\\\/\",\"name\":\"L'atelier A Bali\",\"description\":\"We design, manufacture and ship furniture, decoration, lighting and crafts from Bali to your home !!\",\"publisher\":{\"@id\":\"https:\\\/\\\/www.latelierabali.com\\\/#organization\"},\"potentialAction\":[{\"@type\":\"SearchAction\",\"target\":{\"@type\":\"EntryPoint\",\"urlTemplate\":\"https:\\\/\\\/www.latelierabali.com\\\/?s={search_term_string}\"},\"query-input\":{\"@type\":\"PropertyValueSpecification\",\"valueRequired\":true,\"valueName\":\"search_term_string\"}}],\"inLanguage\":\"fr-FR\"},{\"@type\":\"Organization\",\"@id\":\"https:\\\/\\\/www.latelierabali.com\\\/#organization\",\"name\":\"L'atelier A Bali\",\"url\":\"https:\\\/\\\/www.latelierabali.com\\\/\",\"logo\":{\"@type\":\"ImageObject\",\"inLanguage\":\"fr-FR\",\"@id\":\"https:\\\/\\\/www.latelierabali.com\\\/#\\\/schema\\\/logo\\\/image\\\/\",\"url\":\"https:\\\/\\\/www.latelierabali.com\\\/wp-content\\\/uploads\\\/2022\\\/02\\\/LAtelier-1.png\",\"contentUrl\":\"https:\\\/\\\/www.latelierabali.com\\\/wp-content\\\/uploads\\\/2022\\\/02\\\/LAtelier-1.png\",\"width\":945,\"height\":591,\"caption\":\"L'atelier A Bali\"},\"image\":{\"@id\":\"https:\\\/\\\/www.latelierabali.com\\\/#\\\/schema\\\/logo\\\/image\\\/\"},\"sameAs\":[\"https:\\\/\\\/www.facebook.com\\\/latelierabali\",\"https:\\\/\\\/www.instagram.com\\\/latelierabali\\\/\"]}]}<\/script>\n<!-- \/ Yoast SEO plugin. -->","yoast_head_json":{"title":"Coeur en bois vert","description":"Green Wooden Heart\u00a0Size:S: 20 cm = \u20ac 3.01M:25 cm= \u20ac 3.76L: 30 cm= \u20ac 4.51\u00a0\u00a0\u00a0","robots":{"index":"index","follow":"follow","max-snippet":"max-snippet:-1","max-image-preview":"max-image-preview:large","max-video-preview":"max-video-preview:-1"},"canonical":"https:\/\/www.latelierabali.com\/fr\/produit\/green-wooden-heart\/","og_locale":"fr_FR","og_type":"article","og_title":"Green Wooden Heart","og_description":"Green Wooden Heart\u00a0Size:S: 20 cm = \u20ac 3.01M:25 cm= \u20ac 3.76L: 30 cm= \u20ac 4.51\u00a0\u00a0\u00a0","og_url":"https:\/\/www.latelierabali.com\/fr\/produit\/green-wooden-heart\/","og_site_name":"L&#039;atelier A Bali","article_publisher":"https:\/\/www.facebook.com\/latelierabali","article_modified_time":"2021-11-12T08:37:05+00:00","og_image":[{"width":1080,"height":1080,"url":"https:\/\/www.latelierabali.com\/wp-content\/uploads\/2021\/10\/3ea2e0_6246ee197d66471eb77a0e266cf808cemv2-3.png","type":"image\/png"}],"twitter_card":"summary_large_image","schema":{"@context":"https:\/\/schema.org","@graph":[{"@type":["WebPage","ItemPage"],"@id":"https:\/\/www.latelierabali.com\/product\/green-wooden-heart\/","url":"https:\/\/www.latelierabali.com\/product\/green-wooden-heart\/","name":"Coeur en bois vert","isPartOf":{"@id":"https:\/\/www.latelierabali.com\/#website"},"primaryImageOfPage":{"@id":"https:\/\/www.latelierabali.com\/product\/green-wooden-heart\/#primaryimage"},"image":{"@id":"https:\/\/www.latelierabali.com\/product\/green-wooden-heart\/#primaryimage"},"thumbnailUrl":"https:\/\/www.latelierabali.com\/wp-content\/uploads\/2021\/10\/3ea2e0_6246ee197d66471eb77a0e266cf808cemv2-3.png","datePublished":"2021-10-14T08:34:53+00:00","dateModified":"2021-11-12T08:37:05+00:00","description":"Green Wooden Heart\u00a0Size:S: 20 cm = \u20ac 3.01M:25 cm= \u20ac 3.76L: 30 cm= \u20ac 4.51\u00a0\u00a0\u00a0","breadcrumb":{"@id":"https:\/\/www.latelierabali.com\/product\/green-wooden-heart\/#breadcrumb"},"inLanguage":"fr-FR","potentialAction":[{"@type":"ReadAction","target":["https:\/\/www.latelierabali.com\/product\/green-wooden-heart\/"]}]},{"@type":"ImageObject","inLanguage":"fr-FR","@id":"https:\/\/www.latelierabali.com\/product\/green-wooden-heart\/#primaryimage","url":"https:\/\/www.latelierabali.com\/wp-content\/uploads\/2021\/10\/3ea2e0_6246ee197d66471eb77a0e266cf808cemv2-3.png","contentUrl":"https:\/\/www.latelierabali.com\/wp-content\/uploads\/2021\/10\/3ea2e0_6246ee197d66471eb77a0e266cf808cemv2-3.png","width":1080,"height":1080,"caption":"Green Wooden Heart"},{"@type":"BreadcrumbList","@id":"https:\/\/www.latelierabali.com\/product\/green-wooden-heart\/#breadcrumb","itemListElement":[{"@type":"ListItem","position":1,"name":"Home","item":"https:\/\/www.latelierabali.com\/"},{"@type":"ListItem","position":2,"name":"Our Product","item":"https:\/\/www.latelierabali.com\/?page_id=4133"},{"@type":"ListItem","position":3,"name":"Green Wooden Heart"}]},{"@type":"WebSite","@id":"https:\/\/www.latelierabali.com\/#website","url":"https:\/\/www.latelierabali.com\/","name":"L&#039;atelier A Bali","description":"Nous concevons, fabriquons et exp\u00e9dions des meubles, de la d\u00e9coration, des luminaires et de l&#039;artisanat de Bali \u00e0 votre domicile !!","publisher":{"@id":"https:\/\/www.latelierabali.com\/#organization"},"potentialAction":[{"@type":"SearchAction","target":{"@type":"EntryPoint","urlTemplate":"https:\/\/www.latelierabali.com\/?s={search_term_string}"},"query-input":{"@type":"PropertyValueSpecification","valueRequired":true,"valueName":"search_term_string"}}],"inLanguage":"fr-FR"},{"@type":"Organization","@id":"https:\/\/www.latelierabali.com\/#organization","name":"L&#039;atelier A Bali","url":"https:\/\/www.latelierabali.com\/","logo":{"@type":"ImageObject","inLanguage":"fr-FR","@id":"https:\/\/www.latelierabali.com\/#\/schema\/logo\/image\/","url":"https:\/\/www.latelierabali.com\/wp-content\/uploads\/2022\/02\/LAtelier-1.png","contentUrl":"https:\/\/www.latelierabali.com\/wp-content\/uploads\/2022\/02\/LAtelier-1.png","width":945,"height":591,"caption":"L'atelier A Bali"},"image":{"@id":"https:\/\/www.latelierabali.com\/#\/schema\/logo\/image\/"},"sameAs":["https:\/\/www.facebook.com\/latelierabali","https:\/\/www.instagram.com\/latelierabali\/"]}]}},"_links":{"self":[{"href":"https:\/\/www.latelierabali.com\/fr\/wp-json\/wp\/v2\/product\/327","targetHints":{"allow":["GET"]}}],"collection":[{"href":"https:\/\/www.latelierabali.com\/fr\/wp-json\/wp\/v2\/product"}],"about":[{"href":"https:\/\/www.latelierabali.com\/fr\/wp-json\/wp\/v2\/types\/product"}],"replies":[{"embeddable":true,"href":"https:\/\/www.latelierabali.com\/fr\/wp-json\/wp\/v2\/comments?post=327"}],"wp:featuredmedia":[{"embeddable":true,"href":"https:\/\/www.latelierabali.com\/fr\/wp-json\/wp\/v2\/media\/328"}],"wp:attachment":[{"href":"https:\/\/www.latelierabali.com\/fr\/wp-json\/wp\/v2\/media?parent=327"}],"wp:term":[{"taxonomy":"product_brand","embeddable":true,"href":"https:\/\/www.latelierabali.com\/fr\/wp-json\/wp\/v2\/product_brand?post=327"},{"taxonomy":"product_cat","embeddable":true,"href":"https:\/\/www.latelierabali.com\/fr\/wp-json\/wp\/v2\/product_cat?post=327"},{"taxonomy":"product_tag","embeddable":true,"href":"https:\/\/www.latelierabali.com\/fr\/wp-json\/wp\/v2\/product_tag?post=327"}],"curies":[{"name":"wp","href":"https:\/\/api.w.org\/{rel}","templated":true}]}}