{"id":30893,"date":"2024-10-24T01:44:56","date_gmt":"2024-10-24T01:44:56","guid":{"rendered":"https:\/\/www.latelierabali.com\/?post_type=product&#038;p=30893"},"modified":"2024-10-24T01:44:56","modified_gmt":"2024-10-24T01:44:56","slug":"dining-sofa-4","status":"publish","type":"product","link":"https:\/\/www.latelierabali.com\/fr\/produit\/dining-sofa-4\/","title":{"rendered":"Dining sofa"},"content":{"rendered":"<table width=\"182\">\n<tbody>\n<tr>\n<td width=\"182\">&#8211; Frame made of wood in natural rustic finish<br \/>\n&#8211; Cover with linen fabric<br \/>\n&#8211; Seat height<br \/>\n(without cushion) : 23cm<br \/>\n&#8211; Cushion thickness : 12cm<\/p>\n<p>&nbsp;<\/p>\n<p>size :<\/p>\n<table width=\"153\">\n<tbody>\n<tr>\n<td width=\"39\">height : 63 cm<\/td>\n<td width=\"38\"><\/td>\n<td width=\"38\">width : 280 cm<\/td>\n<td width=\"38\">dimension : 100 cm<\/td>\n<\/tr>\n<\/tbody>\n<\/table>\n<\/td>\n<\/tr>\n<\/tbody>\n<\/table>","protected":false},"excerpt":{"rendered":"<table width=\"182\">\n<tbody>\n<tr>\n<td width=\"182\">&#8211; Frame made of wood in natural rustic finish<br \/>\n&#8211; Cover with linen fabric<br \/>\n&#8211; Seat height<br \/>\n(without cushion) : 23cm<br \/>\n&#8211; Cushion thickness : 12cm<\/p>\n<p>&nbsp;<\/p>\n<p>size :<\/p>\n<table width=\"153\">\n<tbody>\n<tr>\n<td width=\"39\">height : 63 cm<\/td>\n<td width=\"38\"><\/td>\n<td width=\"38\">width : 280 cm<\/td>\n<td width=\"38\">dimension : 100 cm<\/td>\n<\/tr>\n<\/tbody>\n<\/table>\n<\/td>\n<\/tr>\n<\/tbody>\n<\/table>\n<p>&nbsp;<\/p>","protected":false},"featured_media":30905,"comment_status":"closed","ping_status":"closed","template":"","meta":{"site-sidebar-layout":"default","site-content-layout":"","ast-site-content-layout":"default","site-content-style":"default","site-sidebar-style":"default","ast-global-header-display":"","ast-banner-title-visibility":"","ast-main-header-display":"","ast-hfb-above-header-display":"","ast-hfb-below-header-display":"","ast-hfb-mobile-header-display":"","site-post-title":"","ast-breadcrumbs-content":"","ast-featured-img":"","footer-sml-layout":"","ast-disable-related-posts":"","theme-transparent-header-meta":"default","adv-header-id-meta":"","stick-header-meta":"","header-above-stick-meta":"","header-main-stick-meta":"","header-below-stick-meta":"","astra-migrate-meta-layouts":"set","ast-page-background-enabled":"default","ast-page-background-meta":{"desktop":{"background-color":"","background-image":"","background-repeat":"repeat","background-position":"center center","background-size":"auto","background-attachment":"scroll","background-type":"","background-media":"","overlay-type":"","overlay-color":"","overlay-opacity":"","overlay-gradient":""},"tablet":{"background-color":"","background-image":"","background-repeat":"repeat","background-position":"center center","background-size":"auto","background-attachment":"scroll","background-type":"","background-media":"","overlay-type":"","overlay-color":"","overlay-opacity":"","overlay-gradient":""},"mobile":{"background-color":"","background-image":"","background-repeat":"repeat","background-position":"center center","background-size":"auto","background-attachment":"scroll","background-type":"","background-media":"","overlay-type":"","overlay-color":"","overlay-opacity":"","overlay-gradient":""}},"ast-content-background-meta":{"desktop":{"background-color":"var(--ast-global-color-5)","background-image":"","background-repeat":"repeat","background-position":"center center","background-size":"auto","background-attachment":"scroll","background-type":"","background-media":"","overlay-type":"","overlay-color":"","overlay-opacity":"","overlay-gradient":""},"tablet":{"background-color":"var(--ast-global-color-5)","background-image":"","background-repeat":"repeat","background-position":"center center","background-size":"auto","background-attachment":"scroll","background-type":"","background-media":"","overlay-type":"","overlay-color":"","overlay-opacity":"","overlay-gradient":""},"mobile":{"background-color":"var(--ast-global-color-5)","background-image":"","background-repeat":"repeat","background-position":"center center","background-size":"auto","background-attachment":"scroll","background-type":"","background-media":"","overlay-type":"","overlay-color":"","overlay-opacity":"","overlay-gradient":""}}},"product_brand":[],"product_cat":[300],"product_tag":[],"class_list":{"0":"post-30893","1":"product","2":"type-product","3":"status-publish","4":"has-post-thumbnail","6":"product_cat-chairs-and-stools","7":"desktop-align-left","8":"tablet-align-left","9":"mobile-align-left","11":"first","12":"instock","13":"taxable","14":"shipping-taxable","15":"purchasable","16":"product-type-variable"},"yoast_head":"<!-- This site is optimized with the Yoast SEO plugin v27.3 - https:\/\/yoast.com\/product\/yoast-seo-wordpress\/ -->\n<title>Dining sofa - L&#039;atelier A Bali<\/title>\n<meta name=\"description\" content=\"Witness the artistry of our Bali-based artisans as they create each sofa by hand. Our sofas are made with meticulous attention to detail, using traditional techniques and the finest materials. Bring a piece of Bali into your home.\" \/>\n<meta name=\"robots\" content=\"index, follow, max-snippet:-1, max-image-preview:large, max-video-preview:-1\" \/>\n<link rel=\"canonical\" href=\"https:\/\/www.latelierabali.com\/fr\/produit\/dining-sofa-4\/\" \/>\n<meta property=\"og:locale\" content=\"fr_FR\" \/>\n<meta property=\"og:type\" content=\"article\" \/>\n<meta property=\"og:title\" content=\"Dining sofa - L&#039;atelier A Bali\" \/>\n<meta property=\"og:description\" content=\"Witness the artistry of our Bali-based artisans as they create each sofa by hand. Our sofas are made with meticulous attention to detail, using traditional techniques and the finest materials. Bring a piece of Bali into your home.\" \/>\n<meta property=\"og:url\" content=\"https:\/\/www.latelierabali.com\/fr\/produit\/dining-sofa-4\/\" \/>\n<meta property=\"og:site_name\" content=\"L&#039;atelier A Bali\" \/>\n<meta property=\"article:publisher\" content=\"https:\/\/www.facebook.com\/latelierabali\" \/>\n<meta property=\"og:image\" content=\"https:\/\/www.latelierabali.com\/wp-content\/uploads\/2024\/10\/Screenshot_19.png\" \/>\n\t<meta property=\"og:image:width\" content=\"803\" \/>\n\t<meta property=\"og:image:height\" content=\"273\" \/>\n\t<meta property=\"og:image:type\" content=\"image\/png\" \/>\n<meta name=\"twitter:card\" content=\"summary_large_image\" \/>\n<meta name=\"twitter:label1\" content=\"Dur\u00e9e de lecture estim\u00e9e\" \/>\n\t<meta name=\"twitter:data1\" content=\"1 minute\" \/>\n<script type=\"application\/ld+json\" class=\"yoast-schema-graph\">{\"@context\":\"https:\\\/\\\/schema.org\",\"@graph\":[{\"@type\":[\"WebPage\",\"ItemPage\"],\"@id\":\"https:\\\/\\\/www.latelierabali.com\\\/product\\\/dining-sofa-4\\\/\",\"url\":\"https:\\\/\\\/www.latelierabali.com\\\/product\\\/dining-sofa-4\\\/\",\"name\":\"Dining sofa - L&#039;atelier A Bali\",\"isPartOf\":{\"@id\":\"https:\\\/\\\/www.latelierabali.com\\\/#website\"},\"primaryImageOfPage\":{\"@id\":\"https:\\\/\\\/www.latelierabali.com\\\/product\\\/dining-sofa-4\\\/#primaryimage\"},\"image\":{\"@id\":\"https:\\\/\\\/www.latelierabali.com\\\/product\\\/dining-sofa-4\\\/#primaryimage\"},\"thumbnailUrl\":\"https:\\\/\\\/www.latelierabali.com\\\/wp-content\\\/uploads\\\/2024\\\/10\\\/Screenshot_19.webp\",\"datePublished\":\"2024-10-24T01:44:56+00:00\",\"description\":\"Witness the artistry of our Bali-based artisans as they create each sofa by hand. Our sofas are made with meticulous attention to detail, using traditional techniques and the finest materials. Bring a piece of Bali into your home.\",\"breadcrumb\":{\"@id\":\"https:\\\/\\\/www.latelierabali.com\\\/product\\\/dining-sofa-4\\\/#breadcrumb\"},\"inLanguage\":\"fr-FR\",\"potentialAction\":[{\"@type\":\"ReadAction\",\"target\":[\"https:\\\/\\\/www.latelierabali.com\\\/product\\\/dining-sofa-4\\\/\"]}]},{\"@type\":\"ImageObject\",\"inLanguage\":\"fr-FR\",\"@id\":\"https:\\\/\\\/www.latelierabali.com\\\/product\\\/dining-sofa-4\\\/#primaryimage\",\"url\":\"https:\\\/\\\/www.latelierabali.com\\\/wp-content\\\/uploads\\\/2024\\\/10\\\/Screenshot_19.webp\",\"contentUrl\":\"https:\\\/\\\/www.latelierabali.com\\\/wp-content\\\/uploads\\\/2024\\\/10\\\/Screenshot_19.webp\",\"width\":803,\"height\":273},{\"@type\":\"BreadcrumbList\",\"@id\":\"https:\\\/\\\/www.latelierabali.com\\\/product\\\/dining-sofa-4\\\/#breadcrumb\",\"itemListElement\":[{\"@type\":\"ListItem\",\"position\":1,\"name\":\"Home\",\"item\":\"https:\\\/\\\/www.latelierabali.com\\\/\"},{\"@type\":\"ListItem\",\"position\":2,\"name\":\"Our Product\",\"item\":\"https:\\\/\\\/www.latelierabali.com\\\/?page_id=4133\"},{\"@type\":\"ListItem\",\"position\":3,\"name\":\"Dining sofa\"}]},{\"@type\":\"WebSite\",\"@id\":\"https:\\\/\\\/www.latelierabali.com\\\/#website\",\"url\":\"https:\\\/\\\/www.latelierabali.com\\\/\",\"name\":\"L'atelier A Bali\",\"description\":\"We design, manufacture and ship furniture, decoration, lighting and crafts from Bali to your home !!\",\"publisher\":{\"@id\":\"https:\\\/\\\/www.latelierabali.com\\\/#organization\"},\"potentialAction\":[{\"@type\":\"SearchAction\",\"target\":{\"@type\":\"EntryPoint\",\"urlTemplate\":\"https:\\\/\\\/www.latelierabali.com\\\/?s={search_term_string}\"},\"query-input\":{\"@type\":\"PropertyValueSpecification\",\"valueRequired\":true,\"valueName\":\"search_term_string\"}}],\"inLanguage\":\"fr-FR\"},{\"@type\":\"Organization\",\"@id\":\"https:\\\/\\\/www.latelierabali.com\\\/#organization\",\"name\":\"L'atelier A Bali\",\"url\":\"https:\\\/\\\/www.latelierabali.com\\\/\",\"logo\":{\"@type\":\"ImageObject\",\"inLanguage\":\"fr-FR\",\"@id\":\"https:\\\/\\\/www.latelierabali.com\\\/#\\\/schema\\\/logo\\\/image\\\/\",\"url\":\"https:\\\/\\\/www.latelierabali.com\\\/wp-content\\\/uploads\\\/2022\\\/02\\\/LAtelier-1.png\",\"contentUrl\":\"https:\\\/\\\/www.latelierabali.com\\\/wp-content\\\/uploads\\\/2022\\\/02\\\/LAtelier-1.png\",\"width\":945,\"height\":591,\"caption\":\"L'atelier A Bali\"},\"image\":{\"@id\":\"https:\\\/\\\/www.latelierabali.com\\\/#\\\/schema\\\/logo\\\/image\\\/\"},\"sameAs\":[\"https:\\\/\\\/www.facebook.com\\\/latelierabali\",\"https:\\\/\\\/www.instagram.com\\\/latelierabali\\\/\"]}]}<\/script>\n<!-- \/ Yoast SEO plugin. -->","yoast_head_json":{"title":"Dining sofa - L&#039;atelier A Bali","description":"Witness the artistry of our Bali-based artisans as they create each sofa by hand. Our sofas are made with meticulous attention to detail, using traditional techniques and the finest materials. Bring a piece of Bali into your home.","robots":{"index":"index","follow":"follow","max-snippet":"max-snippet:-1","max-image-preview":"max-image-preview:large","max-video-preview":"max-video-preview:-1"},"canonical":"https:\/\/www.latelierabali.com\/fr\/produit\/dining-sofa-4\/","og_locale":"fr_FR","og_type":"article","og_title":"Dining sofa - L&#039;atelier A Bali","og_description":"Witness the artistry of our Bali-based artisans as they create each sofa by hand. Our sofas are made with meticulous attention to detail, using traditional techniques and the finest materials. Bring a piece of Bali into your home.","og_url":"https:\/\/www.latelierabali.com\/fr\/produit\/dining-sofa-4\/","og_site_name":"L&#039;atelier A Bali","article_publisher":"https:\/\/www.facebook.com\/latelierabali","og_image":[{"width":803,"height":273,"url":"https:\/\/www.latelierabali.com\/wp-content\/uploads\/2024\/10\/Screenshot_19.png","type":"image\/png"}],"twitter_card":"summary_large_image","twitter_misc":{"Dur\u00e9e de lecture estim\u00e9e":"1 minute"},"schema":{"@context":"https:\/\/schema.org","@graph":[{"@type":["WebPage","ItemPage"],"@id":"https:\/\/www.latelierabali.com\/product\/dining-sofa-4\/","url":"https:\/\/www.latelierabali.com\/product\/dining-sofa-4\/","name":"Dining sofa - L&#039;atelier A Bali","isPartOf":{"@id":"https:\/\/www.latelierabali.com\/#website"},"primaryImageOfPage":{"@id":"https:\/\/www.latelierabali.com\/product\/dining-sofa-4\/#primaryimage"},"image":{"@id":"https:\/\/www.latelierabali.com\/product\/dining-sofa-4\/#primaryimage"},"thumbnailUrl":"https:\/\/www.latelierabali.com\/wp-content\/uploads\/2024\/10\/Screenshot_19.webp","datePublished":"2024-10-24T01:44:56+00:00","description":"Witness the artistry of our Bali-based artisans as they create each sofa by hand. Our sofas are made with meticulous attention to detail, using traditional techniques and the finest materials. Bring a piece of Bali into your home.","breadcrumb":{"@id":"https:\/\/www.latelierabali.com\/product\/dining-sofa-4\/#breadcrumb"},"inLanguage":"fr-FR","potentialAction":[{"@type":"ReadAction","target":["https:\/\/www.latelierabali.com\/product\/dining-sofa-4\/"]}]},{"@type":"ImageObject","inLanguage":"fr-FR","@id":"https:\/\/www.latelierabali.com\/product\/dining-sofa-4\/#primaryimage","url":"https:\/\/www.latelierabali.com\/wp-content\/uploads\/2024\/10\/Screenshot_19.webp","contentUrl":"https:\/\/www.latelierabali.com\/wp-content\/uploads\/2024\/10\/Screenshot_19.webp","width":803,"height":273},{"@type":"BreadcrumbList","@id":"https:\/\/www.latelierabali.com\/product\/dining-sofa-4\/#breadcrumb","itemListElement":[{"@type":"ListItem","position":1,"name":"Home","item":"https:\/\/www.latelierabali.com\/"},{"@type":"ListItem","position":2,"name":"Our Product","item":"https:\/\/www.latelierabali.com\/?page_id=4133"},{"@type":"ListItem","position":3,"name":"Dining sofa"}]},{"@type":"WebSite","@id":"https:\/\/www.latelierabali.com\/#website","url":"https:\/\/www.latelierabali.com\/","name":"L&#039;atelier A Bali","description":"Nous concevons, fabriquons et exp\u00e9dions des meubles, de la d\u00e9coration, des luminaires et de l&#039;artisanat de Bali \u00e0 votre domicile !!","publisher":{"@id":"https:\/\/www.latelierabali.com\/#organization"},"potentialAction":[{"@type":"SearchAction","target":{"@type":"EntryPoint","urlTemplate":"https:\/\/www.latelierabali.com\/?s={search_term_string}"},"query-input":{"@type":"PropertyValueSpecification","valueRequired":true,"valueName":"search_term_string"}}],"inLanguage":"fr-FR"},{"@type":"Organization","@id":"https:\/\/www.latelierabali.com\/#organization","name":"L&#039;atelier A Bali","url":"https:\/\/www.latelierabali.com\/","logo":{"@type":"ImageObject","inLanguage":"fr-FR","@id":"https:\/\/www.latelierabali.com\/#\/schema\/logo\/image\/","url":"https:\/\/www.latelierabali.com\/wp-content\/uploads\/2022\/02\/LAtelier-1.png","contentUrl":"https:\/\/www.latelierabali.com\/wp-content\/uploads\/2022\/02\/LAtelier-1.png","width":945,"height":591,"caption":"L'atelier A Bali"},"image":{"@id":"https:\/\/www.latelierabali.com\/#\/schema\/logo\/image\/"},"sameAs":["https:\/\/www.facebook.com\/latelierabali","https:\/\/www.instagram.com\/latelierabali\/"]}]}},"_links":{"self":[{"href":"https:\/\/www.latelierabali.com\/fr\/wp-json\/wp\/v2\/product\/30893","targetHints":{"allow":["GET"]}}],"collection":[{"href":"https:\/\/www.latelierabali.com\/fr\/wp-json\/wp\/v2\/product"}],"about":[{"href":"https:\/\/www.latelierabali.com\/fr\/wp-json\/wp\/v2\/types\/product"}],"replies":[{"embeddable":true,"href":"https:\/\/www.latelierabali.com\/fr\/wp-json\/wp\/v2\/comments?post=30893"}],"wp:featuredmedia":[{"embeddable":true,"href":"https:\/\/www.latelierabali.com\/fr\/wp-json\/wp\/v2\/media\/30905"}],"wp:attachment":[{"href":"https:\/\/www.latelierabali.com\/fr\/wp-json\/wp\/v2\/media?parent=30893"}],"wp:term":[{"taxonomy":"product_brand","embeddable":true,"href":"https:\/\/www.latelierabali.com\/fr\/wp-json\/wp\/v2\/product_brand?post=30893"},{"taxonomy":"product_cat","embeddable":true,"href":"https:\/\/www.latelierabali.com\/fr\/wp-json\/wp\/v2\/product_cat?post=30893"},{"taxonomy":"product_tag","embeddable":true,"href":"https:\/\/www.latelierabali.com\/fr\/wp-json\/wp\/v2\/product_tag?post=30893"}],"curies":[{"name":"wp","href":"https:\/\/api.w.org\/{rel}","templated":true}]}}