{"id":30191,"date":"2023-09-26T06:22:16","date_gmt":"2023-09-26T06:22:16","guid":{"rendered":"https:\/\/www.latelierabali.com\/?post_type=product&#038;p=30191"},"modified":"2023-09-26T06:22:17","modified_gmt":"2023-09-26T06:22:17","slug":"wooden-house-style-6","status":"publish","type":"product","link":"https:\/\/www.latelierabali.com\/fr\/produit\/style-maison-en-bois-6\/","title":{"rendered":"Maison en bois style 6"},"content":{"rendered":"<p>Sp\u00e9cifications : Mat\u00e9riaux bois bangkiray avec toiture en bardeaux comprenant terrasse de 2 m\u00e8tres en fa\u00e7ade<\/p>","protected":false},"excerpt":{"rendered":"<p>Sp\u00e9cifications : Mat\u00e9riaux bois bangkiray avec toiture en bardeaux comprenant terrasse de 2 m\u00e8tres en fa\u00e7ade<\/p>","protected":false},"featured_media":30199,"comment_status":"closed","ping_status":"closed","template":"","meta":{"site-sidebar-layout":"default","site-content-layout":"","ast-site-content-layout":"default","site-content-style":"default","site-sidebar-style":"default","ast-global-header-display":"","ast-banner-title-visibility":"","ast-main-header-display":"","ast-hfb-above-header-display":"","ast-hfb-below-header-display":"","ast-hfb-mobile-header-display":"","site-post-title":"","ast-breadcrumbs-content":"","ast-featured-img":"","footer-sml-layout":"","ast-disable-related-posts":"","theme-transparent-header-meta":"default","adv-header-id-meta":"","stick-header-meta":"","header-above-stick-meta":"","header-main-stick-meta":"","header-below-stick-meta":"","astra-migrate-meta-layouts":"set","ast-page-background-enabled":"default","ast-page-background-meta":{"desktop":{"background-color":"","background-image":"","background-repeat":"repeat","background-position":"center center","background-size":"auto","background-attachment":"scroll","background-type":"","background-media":"","overlay-type":"","overlay-color":"","overlay-opacity":"","overlay-gradient":""},"tablet":{"background-color":"","background-image":"","background-repeat":"repeat","background-position":"center center","background-size":"auto","background-attachment":"scroll","background-type":"","background-media":"","overlay-type":"","overlay-color":"","overlay-opacity":"","overlay-gradient":""},"mobile":{"background-color":"","background-image":"","background-repeat":"repeat","background-position":"center center","background-size":"auto","background-attachment":"scroll","background-type":"","background-media":"","overlay-type":"","overlay-color":"","overlay-opacity":"","overlay-gradient":""}},"ast-content-background-meta":{"desktop":{"background-color":"var(--ast-global-color-5)","background-image":"","background-repeat":"repeat","background-position":"center center","background-size":"auto","background-attachment":"scroll","background-type":"","background-media":"","overlay-type":"","overlay-color":"","overlay-opacity":"","overlay-gradient":""},"tablet":{"background-color":"var(--ast-global-color-5)","background-image":"","background-repeat":"repeat","background-position":"center center","background-size":"auto","background-attachment":"scroll","background-type":"","background-media":"","overlay-type":"","overlay-color":"","overlay-opacity":"","overlay-gradient":""},"mobile":{"background-color":"var(--ast-global-color-5)","background-image":"","background-repeat":"repeat","background-position":"center center","background-size":"auto","background-attachment":"scroll","background-type":"","background-media":"","overlay-type":"","overlay-color":"","overlay-opacity":"","overlay-gradient":""}}},"product_brand":[],"product_cat":[43,302],"product_tag":[],"class_list":{"0":"post-30191","1":"product","2":"type-product","3":"status-publish","4":"has-post-thumbnail","6":"product_cat-furniture","7":"product_cat-wooden-house","8":"desktop-align-left","9":"tablet-align-left","10":"mobile-align-left","12":"first","13":"instock","14":"taxable","15":"shipping-taxable","16":"purchasable","17":"product-type-simple"},"yoast_head":"<!-- This site is optimized with the Yoast SEO plugin v27.4 - https:\/\/yoast.com\/product\/yoast-seo-wordpress\/ -->\n<title>Wooden House Style 6 - L&#039;atelier A Bali<\/title>\n<meta name=\"description\" content=\"Buy a wooden house made of teak wood from Bali and Java at wholesale and retail prices. Shop now and get special offers. Export to worldwide!\" \/>\n<meta name=\"robots\" content=\"index, follow, max-snippet:-1, max-image-preview:large, max-video-preview:-1\" \/>\n<link rel=\"canonical\" href=\"https:\/\/www.latelierabali.com\/fr\/produit\/wooden-house-style-6\/\" \/>\n<meta property=\"og:locale\" content=\"fr_FR\" \/>\n<meta property=\"og:type\" content=\"article\" \/>\n<meta property=\"og:title\" content=\"Wooden House Style 6 - L&#039;atelier A Bali\" \/>\n<meta property=\"og:description\" content=\"Buy a wooden house made of teak wood from Bali and Java at wholesale and retail prices. Shop now and get special offers. Export to worldwide!\" \/>\n<meta property=\"og:url\" content=\"https:\/\/www.latelierabali.com\/fr\/produit\/wooden-house-style-6\/\" \/>\n<meta property=\"og:site_name\" content=\"L&#039;atelier A Bali\" \/>\n<meta property=\"article:publisher\" content=\"https:\/\/www.facebook.com\/latelierabali\" \/>\n<meta property=\"article:modified_time\" content=\"2023-09-26T06:22:17+00:00\" \/>\n<meta property=\"og:image\" content=\"https:\/\/www.latelierabali.com\/wp-content\/uploads\/2023\/09\/Wooden-House-Style-6.jpg\" \/>\n\t<meta property=\"og:image:width\" content=\"1080\" \/>\n\t<meta property=\"og:image:height\" content=\"1080\" \/>\n\t<meta property=\"og:image:type\" content=\"image\/jpeg\" \/>\n<meta name=\"twitter:card\" content=\"summary_large_image\" \/>\n<meta name=\"twitter:title\" content=\"Wooden House Style 6 - L&#039;atelier A Bali\" \/>\n<meta name=\"twitter:description\" content=\"Buy a wooden house made of teak wood from Bali and Java at wholesale and retail prices. Shop now and get special offers. Export to worldwide!\" \/>\n<meta name=\"twitter:label1\" content=\"Dur\u00e9e de lecture estim\u00e9e\" \/>\n\t<meta name=\"twitter:data1\" content=\"1 minute\" \/>\n<script type=\"application\/ld+json\" class=\"yoast-schema-graph\">{\"@context\":\"https:\\\/\\\/schema.org\",\"@graph\":[{\"@type\":[\"WebPage\",\"ItemPage\"],\"@id\":\"https:\\\/\\\/www.latelierabali.com\\\/product\\\/wooden-house-style-6\\\/\",\"url\":\"https:\\\/\\\/www.latelierabali.com\\\/product\\\/wooden-house-style-6\\\/\",\"name\":\"Wooden House Style 6 - L&#039;atelier A Bali\",\"isPartOf\":{\"@id\":\"https:\\\/\\\/www.latelierabali.com\\\/#website\"},\"primaryImageOfPage\":{\"@id\":\"https:\\\/\\\/www.latelierabali.com\\\/product\\\/wooden-house-style-6\\\/#primaryimage\"},\"image\":{\"@id\":\"https:\\\/\\\/www.latelierabali.com\\\/product\\\/wooden-house-style-6\\\/#primaryimage\"},\"thumbnailUrl\":\"https:\\\/\\\/www.latelierabali.com\\\/wp-content\\\/uploads\\\/2023\\\/09\\\/Wooden-House-Style-6.webp\",\"datePublished\":\"2023-09-26T06:22:16+00:00\",\"dateModified\":\"2023-09-26T06:22:17+00:00\",\"description\":\"Buy a wooden house made of teak wood from Bali and Java at wholesale and retail prices. Shop now and get special offers. Export to worldwide!\",\"breadcrumb\":{\"@id\":\"https:\\\/\\\/www.latelierabali.com\\\/product\\\/wooden-house-style-6\\\/#breadcrumb\"},\"inLanguage\":\"fr-FR\",\"potentialAction\":[{\"@type\":\"ReadAction\",\"target\":[\"https:\\\/\\\/www.latelierabali.com\\\/product\\\/wooden-house-style-6\\\/\"]}]},{\"@type\":\"ImageObject\",\"inLanguage\":\"fr-FR\",\"@id\":\"https:\\\/\\\/www.latelierabali.com\\\/product\\\/wooden-house-style-6\\\/#primaryimage\",\"url\":\"https:\\\/\\\/www.latelierabali.com\\\/wp-content\\\/uploads\\\/2023\\\/09\\\/Wooden-House-Style-6.webp\",\"contentUrl\":\"https:\\\/\\\/www.latelierabali.com\\\/wp-content\\\/uploads\\\/2023\\\/09\\\/Wooden-House-Style-6.webp\",\"width\":1080,\"height\":1080,\"caption\":\"Wooden House Style 6\"},{\"@type\":\"BreadcrumbList\",\"@id\":\"https:\\\/\\\/www.latelierabali.com\\\/product\\\/wooden-house-style-6\\\/#breadcrumb\",\"itemListElement\":[{\"@type\":\"ListItem\",\"position\":1,\"name\":\"Home\",\"item\":\"https:\\\/\\\/www.latelierabali.com\\\/\"},{\"@type\":\"ListItem\",\"position\":2,\"name\":\"Our Product\",\"item\":\"https:\\\/\\\/www.latelierabali.com\\\/?page_id=4133\"},{\"@type\":\"ListItem\",\"position\":3,\"name\":\"Wooden House Style 6\"}]},{\"@type\":\"WebSite\",\"@id\":\"https:\\\/\\\/www.latelierabali.com\\\/#website\",\"url\":\"https:\\\/\\\/www.latelierabali.com\\\/\",\"name\":\"L'atelier A Bali\",\"description\":\"We design, manufacture and ship furniture, decoration, lighting and crafts from Bali to your home !!\",\"publisher\":{\"@id\":\"https:\\\/\\\/www.latelierabali.com\\\/#organization\"},\"potentialAction\":[{\"@type\":\"SearchAction\",\"target\":{\"@type\":\"EntryPoint\",\"urlTemplate\":\"https:\\\/\\\/www.latelierabali.com\\\/?s={search_term_string}\"},\"query-input\":{\"@type\":\"PropertyValueSpecification\",\"valueRequired\":true,\"valueName\":\"search_term_string\"}}],\"inLanguage\":\"fr-FR\"},{\"@type\":\"Organization\",\"@id\":\"https:\\\/\\\/www.latelierabali.com\\\/#organization\",\"name\":\"L'atelier A Bali\",\"url\":\"https:\\\/\\\/www.latelierabali.com\\\/\",\"logo\":{\"@type\":\"ImageObject\",\"inLanguage\":\"fr-FR\",\"@id\":\"https:\\\/\\\/www.latelierabali.com\\\/#\\\/schema\\\/logo\\\/image\\\/\",\"url\":\"https:\\\/\\\/www.latelierabali.com\\\/wp-content\\\/uploads\\\/2022\\\/02\\\/LAtelier-1.png\",\"contentUrl\":\"https:\\\/\\\/www.latelierabali.com\\\/wp-content\\\/uploads\\\/2022\\\/02\\\/LAtelier-1.png\",\"width\":945,\"height\":591,\"caption\":\"L'atelier A Bali\"},\"image\":{\"@id\":\"https:\\\/\\\/www.latelierabali.com\\\/#\\\/schema\\\/logo\\\/image\\\/\"},\"sameAs\":[\"https:\\\/\\\/www.facebook.com\\\/latelierabali\",\"https:\\\/\\\/www.instagram.com\\\/latelierabali\\\/\"]}]}<\/script>\n<!-- \/ Yoast SEO plugin. -->","yoast_head_json":{"title":"Maison en Bois Style 6 - L'atelier A Bali","description":"Achetez une maison en bois de teck de Bali et de Java aux prix de gros et de d\u00e9tail. Achetez maintenant et b\u00e9n\u00e9ficiez d'offres sp\u00e9ciales. Exportez dans le monde entier !","robots":{"index":"index","follow":"follow","max-snippet":"max-snippet:-1","max-image-preview":"max-image-preview:large","max-video-preview":"max-video-preview:-1"},"canonical":"https:\/\/www.latelierabali.com\/fr\/produit\/wooden-house-style-6\/","og_locale":"fr_FR","og_type":"article","og_title":"Wooden House Style 6 - L&#039;atelier A Bali","og_description":"Buy a wooden house made of teak wood from Bali and Java at wholesale and retail prices. Shop now and get special offers. Export to worldwide!","og_url":"https:\/\/www.latelierabali.com\/fr\/produit\/wooden-house-style-6\/","og_site_name":"L&#039;atelier A Bali","article_publisher":"https:\/\/www.facebook.com\/latelierabali","article_modified_time":"2023-09-26T06:22:17+00:00","og_image":[{"width":1080,"height":1080,"url":"https:\/\/www.latelierabali.com\/wp-content\/uploads\/2023\/09\/Wooden-House-Style-6.jpg","type":"image\/jpeg"}],"twitter_card":"summary_large_image","twitter_title":"Wooden House Style 6 - L&#039;atelier A Bali","twitter_description":"Buy a wooden house made of teak wood from Bali and Java at wholesale and retail prices. Shop now and get special offers. Export to worldwide!","twitter_misc":{"Dur\u00e9e de lecture estim\u00e9e":"1 minute"},"schema":{"@context":"https:\/\/schema.org","@graph":[{"@type":["WebPage","ItemPage"],"@id":"https:\/\/www.latelierabali.com\/product\/wooden-house-style-6\/","url":"https:\/\/www.latelierabali.com\/product\/wooden-house-style-6\/","name":"Maison en Bois Style 6 - L'atelier A Bali","isPartOf":{"@id":"https:\/\/www.latelierabali.com\/#website"},"primaryImageOfPage":{"@id":"https:\/\/www.latelierabali.com\/product\/wooden-house-style-6\/#primaryimage"},"image":{"@id":"https:\/\/www.latelierabali.com\/product\/wooden-house-style-6\/#primaryimage"},"thumbnailUrl":"https:\/\/www.latelierabali.com\/wp-content\/uploads\/2023\/09\/Wooden-House-Style-6.webp","datePublished":"2023-09-26T06:22:16+00:00","dateModified":"2023-09-26T06:22:17+00:00","description":"Achetez une maison en bois de teck de Bali et de Java aux prix de gros et de d\u00e9tail. Achetez maintenant et b\u00e9n\u00e9ficiez d'offres sp\u00e9ciales. Exportez dans le monde entier !","breadcrumb":{"@id":"https:\/\/www.latelierabali.com\/product\/wooden-house-style-6\/#breadcrumb"},"inLanguage":"fr-FR","potentialAction":[{"@type":"ReadAction","target":["https:\/\/www.latelierabali.com\/product\/wooden-house-style-6\/"]}]},{"@type":"ImageObject","inLanguage":"fr-FR","@id":"https:\/\/www.latelierabali.com\/product\/wooden-house-style-6\/#primaryimage","url":"https:\/\/www.latelierabali.com\/wp-content\/uploads\/2023\/09\/Wooden-House-Style-6.webp","contentUrl":"https:\/\/www.latelierabali.com\/wp-content\/uploads\/2023\/09\/Wooden-House-Style-6.webp","width":1080,"height":1080,"caption":"Wooden House Style 6"},{"@type":"BreadcrumbList","@id":"https:\/\/www.latelierabali.com\/product\/wooden-house-style-6\/#breadcrumb","itemListElement":[{"@type":"ListItem","position":1,"name":"Home","item":"https:\/\/www.latelierabali.com\/"},{"@type":"ListItem","position":2,"name":"Our Product","item":"https:\/\/www.latelierabali.com\/?page_id=4133"},{"@type":"ListItem","position":3,"name":"Wooden House Style 6"}]},{"@type":"WebSite","@id":"https:\/\/www.latelierabali.com\/#website","url":"https:\/\/www.latelierabali.com\/","name":"L&#039;atelier A Bali","description":"Nous concevons, fabriquons et exp\u00e9dions des meubles, de la d\u00e9coration, des luminaires et de l&#039;artisanat de Bali \u00e0 votre domicile !!","publisher":{"@id":"https:\/\/www.latelierabali.com\/#organization"},"potentialAction":[{"@type":"SearchAction","target":{"@type":"EntryPoint","urlTemplate":"https:\/\/www.latelierabali.com\/?s={search_term_string}"},"query-input":{"@type":"PropertyValueSpecification","valueRequired":true,"valueName":"search_term_string"}}],"inLanguage":"fr-FR"},{"@type":"Organization","@id":"https:\/\/www.latelierabali.com\/#organization","name":"L&#039;atelier A Bali","url":"https:\/\/www.latelierabali.com\/","logo":{"@type":"ImageObject","inLanguage":"fr-FR","@id":"https:\/\/www.latelierabali.com\/#\/schema\/logo\/image\/","url":"https:\/\/www.latelierabali.com\/wp-content\/uploads\/2022\/02\/LAtelier-1.png","contentUrl":"https:\/\/www.latelierabali.com\/wp-content\/uploads\/2022\/02\/LAtelier-1.png","width":945,"height":591,"caption":"L'atelier A Bali"},"image":{"@id":"https:\/\/www.latelierabali.com\/#\/schema\/logo\/image\/"},"sameAs":["https:\/\/www.facebook.com\/latelierabali","https:\/\/www.instagram.com\/latelierabali\/"]}]}},"_links":{"self":[{"href":"https:\/\/www.latelierabali.com\/fr\/wp-json\/wp\/v2\/product\/30191","targetHints":{"allow":["GET"]}}],"collection":[{"href":"https:\/\/www.latelierabali.com\/fr\/wp-json\/wp\/v2\/product"}],"about":[{"href":"https:\/\/www.latelierabali.com\/fr\/wp-json\/wp\/v2\/types\/product"}],"replies":[{"embeddable":true,"href":"https:\/\/www.latelierabali.com\/fr\/wp-json\/wp\/v2\/comments?post=30191"}],"wp:featuredmedia":[{"embeddable":true,"href":"https:\/\/www.latelierabali.com\/fr\/wp-json\/wp\/v2\/media\/30199"}],"wp:attachment":[{"href":"https:\/\/www.latelierabali.com\/fr\/wp-json\/wp\/v2\/media?parent=30191"}],"wp:term":[{"taxonomy":"product_brand","embeddable":true,"href":"https:\/\/www.latelierabali.com\/fr\/wp-json\/wp\/v2\/product_brand?post=30191"},{"taxonomy":"product_cat","embeddable":true,"href":"https:\/\/www.latelierabali.com\/fr\/wp-json\/wp\/v2\/product_cat?post=30191"},{"taxonomy":"product_tag","embeddable":true,"href":"https:\/\/www.latelierabali.com\/fr\/wp-json\/wp\/v2\/product_tag?post=30191"}],"curies":[{"name":"wp","href":"https:\/\/api.w.org\/{rel}","templated":true}]}}