{"id":30145,"date":"2023-08-22T02:38:40","date_gmt":"2023-08-22T02:38:40","guid":{"rendered":"https:\/\/www.latelierabali.com\/?post_type=product&#038;p=30145"},"modified":"2023-08-22T02:38:40","modified_gmt":"2023-08-22T02:38:40","slug":"teak-solid-wood-decking","status":"publish","type":"product","link":"https:\/\/www.latelierabali.com\/fr\/produit\/terrasse-en-teck-et-en-bois-massif-2\/","title":{"rendered":"Terrasse en bois massif en teck"},"content":{"rendered":"<p>Terrasse en bois massif en teck<\/p>\n<p>Size: H 20 cm x L 800-1200-1600-2000 cm x W 90 cm<\/p>\n<p>D\u00e9couvrez nos parquets en bois, nos terrasses en bois massif et nos plinthes en bois pour votre int\u00e9rieur ou ext\u00e9rieur. Nos articles fabriqu\u00e9s \u00e0 Bali \u00e0 partir de bois de teck, de bois de fer, de bois bitty, de ch\u00eane blanc et plus encore \u00e0 des prix de gros et de d\u00e9tail. Achetez maintenant et obtenez des offres sp\u00e9ciales!<\/p>","protected":false},"excerpt":{"rendered":"<p>Size: H 20 cm x L 800-1200-1600-2000 cm x W 90 cm<\/p>","protected":false},"featured_media":30155,"comment_status":"closed","ping_status":"closed","template":"","meta":{"site-sidebar-layout":"default","site-content-layout":"default","ast-site-content-layout":"default","site-content-style":"default","site-sidebar-style":"default","ast-global-header-display":"","ast-banner-title-visibility":"","ast-main-header-display":"","ast-hfb-above-header-display":"","ast-hfb-below-header-display":"","ast-hfb-mobile-header-display":"","site-post-title":"","ast-breadcrumbs-content":"","ast-featured-img":"","footer-sml-layout":"","ast-disable-related-posts":"","theme-transparent-header-meta":"default","adv-header-id-meta":"","stick-header-meta":"default","header-above-stick-meta":"","header-main-stick-meta":"","header-below-stick-meta":"","astra-migrate-meta-layouts":"default","ast-page-background-enabled":"default","ast-page-background-meta":{"desktop":{"background-color":"","background-image":"","background-repeat":"repeat","background-position":"center center","background-size":"auto","background-attachment":"scroll","background-type":"","background-media":"","overlay-type":"","overlay-color":"","overlay-opacity":"","overlay-gradient":""},"tablet":{"background-color":"","background-image":"","background-repeat":"repeat","background-position":"center center","background-size":"auto","background-attachment":"scroll","background-type":"","background-media":"","overlay-type":"","overlay-color":"","overlay-opacity":"","overlay-gradient":""},"mobile":{"background-color":"","background-image":"","background-repeat":"repeat","background-position":"center center","background-size":"auto","background-attachment":"scroll","background-type":"","background-media":"","overlay-type":"","overlay-color":"","overlay-opacity":"","overlay-gradient":""}},"ast-content-background-meta":{"desktop":{"background-color":"var(--ast-global-color-5)","background-image":"","background-repeat":"repeat","background-position":"center center","background-size":"auto","background-attachment":"scroll","background-type":"","background-media":"","overlay-type":"","overlay-color":"","overlay-opacity":"","overlay-gradient":""},"tablet":{"background-color":"var(--ast-global-color-5)","background-image":"","background-repeat":"repeat","background-position":"center center","background-size":"auto","background-attachment":"scroll","background-type":"","background-media":"","overlay-type":"","overlay-color":"","overlay-opacity":"","overlay-gradient":""},"mobile":{"background-color":"var(--ast-global-color-5)","background-image":"","background-repeat":"repeat","background-position":"center center","background-size":"auto","background-attachment":"scroll","background-type":"","background-media":"","overlay-type":"","overlay-color":"","overlay-opacity":"","overlay-gradient":""}}},"product_brand":[],"product_cat":[45,301],"product_tag":[],"class_list":{"0":"post-30145","1":"product","2":"type-product","3":"status-publish","4":"has-post-thumbnail","6":"product_cat-indoor-decorations","7":"product_cat-wooden-parquet-flooring-decking-skirting","8":"desktop-align-left","9":"tablet-align-left","10":"mobile-align-left","12":"first","13":"instock","14":"taxable","15":"shipping-taxable","16":"purchasable","17":"product-type-simple"},"yoast_head":"<!-- This site is optimized with the Yoast SEO plugin v27.3 - https:\/\/yoast.com\/product\/yoast-seo-wordpress\/ -->\n<title>Teak Solid Wood Decking - L&#039;atelier A Bali<\/title>\n<meta name=\"description\" content=\"Buy solid wood parquet flooring, decking, and skirting in Bali at wholesale and retail price. Ready to export worldwide. Shop now!\" \/>\n<meta name=\"robots\" content=\"index, follow, max-snippet:-1, max-image-preview:large, max-video-preview:-1\" \/>\n<link rel=\"canonical\" href=\"https:\/\/www.latelierabali.com\/fr\/produit\/terrasse-en-teck-et-en-bois-massif-2\/\" \/>\n<meta property=\"og:locale\" content=\"fr_FR\" \/>\n<meta property=\"og:type\" content=\"article\" \/>\n<meta property=\"og:title\" content=\"Teak Solid Wood Decking - L&#039;atelier A Bali\" \/>\n<meta property=\"og:description\" content=\"Buy solid wood parquet flooring, decking, and skirting in Bali at wholesale and retail price. Ready to export worldwide. Shop now!\" \/>\n<meta property=\"og:url\" content=\"https:\/\/www.latelierabali.com\/fr\/produit\/terrasse-en-teck-et-en-bois-massif-2\/\" \/>\n<meta property=\"og:site_name\" content=\"L&#039;atelier A Bali\" \/>\n<meta property=\"article:publisher\" content=\"https:\/\/www.facebook.com\/latelierabali\" \/>\n<meta property=\"og:image\" content=\"https:\/\/www.latelierabali.com\/wp-content\/uploads\/2023\/08\/8-jati-outdoor-parquet-flooring-decking.jpg\" \/>\n\t<meta property=\"og:image:width\" content=\"1080\" \/>\n\t<meta property=\"og:image:height\" content=\"1080\" \/>\n\t<meta property=\"og:image:type\" content=\"image\/jpeg\" \/>\n<meta name=\"twitter:card\" content=\"summary_large_image\" \/>\n<script type=\"application\/ld+json\" class=\"yoast-schema-graph\">{\"@context\":\"https:\\\/\\\/schema.org\",\"@graph\":[{\"@type\":[\"WebPage\",\"ItemPage\"],\"@id\":\"https:\\\/\\\/www.latelierabali.com\\\/fr\\\/produit\\\/terrasse-en-teck-et-en-bois-massif-2\\\/\",\"url\":\"https:\\\/\\\/www.latelierabali.com\\\/fr\\\/produit\\\/terrasse-en-teck-et-en-bois-massif-2\\\/\",\"name\":\"Teak Solid Wood Decking - L&#039;atelier A Bali\",\"isPartOf\":{\"@id\":\"https:\\\/\\\/www.latelierabali.com\\\/#website\"},\"primaryImageOfPage\":{\"@id\":\"https:\\\/\\\/www.latelierabali.com\\\/fr\\\/produit\\\/terrasse-en-teck-et-en-bois-massif-2\\\/#primaryimage\"},\"image\":{\"@id\":\"https:\\\/\\\/www.latelierabali.com\\\/fr\\\/produit\\\/terrasse-en-teck-et-en-bois-massif-2\\\/#primaryimage\"},\"thumbnailUrl\":\"https:\\\/\\\/www.latelierabali.com\\\/wp-content\\\/uploads\\\/2023\\\/08\\\/8-jati-outdoor-parquet-flooring-decking.webp\",\"datePublished\":\"2023-08-22T02:38:40+00:00\",\"description\":\"Buy solid wood parquet flooring, decking, and skirting in Bali at wholesale and retail price. Ready to export worldwide. Shop now!\",\"breadcrumb\":{\"@id\":\"https:\\\/\\\/www.latelierabali.com\\\/fr\\\/produit\\\/terrasse-en-teck-et-en-bois-massif-2\\\/#breadcrumb\"},\"inLanguage\":\"fr-FR\",\"potentialAction\":[{\"@type\":\"ReadAction\",\"target\":[\"https:\\\/\\\/www.latelierabali.com\\\/fr\\\/produit\\\/terrasse-en-teck-et-en-bois-massif-2\\\/\"]}]},{\"@type\":\"ImageObject\",\"inLanguage\":\"fr-FR\",\"@id\":\"https:\\\/\\\/www.latelierabali.com\\\/fr\\\/produit\\\/terrasse-en-teck-et-en-bois-massif-2\\\/#primaryimage\",\"url\":\"https:\\\/\\\/www.latelierabali.com\\\/wp-content\\\/uploads\\\/2023\\\/08\\\/8-jati-outdoor-parquet-flooring-decking.webp\",\"contentUrl\":\"https:\\\/\\\/www.latelierabali.com\\\/wp-content\\\/uploads\\\/2023\\\/08\\\/8-jati-outdoor-parquet-flooring-decking.webp\",\"width\":1080,\"height\":1080,\"caption\":\"8 jati outdoor parquet flooring decking\"},{\"@type\":\"BreadcrumbList\",\"@id\":\"https:\\\/\\\/www.latelierabali.com\\\/fr\\\/produit\\\/terrasse-en-teck-et-en-bois-massif-2\\\/#breadcrumb\",\"itemListElement\":[{\"@type\":\"ListItem\",\"position\":1,\"name\":\"Home\",\"item\":\"https:\\\/\\\/www.latelierabali.com\\\/\"},{\"@type\":\"ListItem\",\"position\":2,\"name\":\"Our Product\",\"item\":\"https:\\\/\\\/www.latelierabali.com\\\/?page_id=4133\"},{\"@type\":\"ListItem\",\"position\":3,\"name\":\"Teak Solid Wood Decking\"}]},{\"@type\":\"WebSite\",\"@id\":\"https:\\\/\\\/www.latelierabali.com\\\/#website\",\"url\":\"https:\\\/\\\/www.latelierabali.com\\\/\",\"name\":\"L'atelier A Bali\",\"description\":\"We design, manufacture and ship furniture, decoration, lighting and crafts from Bali to your home !!\",\"publisher\":{\"@id\":\"https:\\\/\\\/www.latelierabali.com\\\/#organization\"},\"potentialAction\":[{\"@type\":\"SearchAction\",\"target\":{\"@type\":\"EntryPoint\",\"urlTemplate\":\"https:\\\/\\\/www.latelierabali.com\\\/?s={search_term_string}\"},\"query-input\":{\"@type\":\"PropertyValueSpecification\",\"valueRequired\":true,\"valueName\":\"search_term_string\"}}],\"inLanguage\":\"fr-FR\"},{\"@type\":\"Organization\",\"@id\":\"https:\\\/\\\/www.latelierabali.com\\\/#organization\",\"name\":\"L'atelier A Bali\",\"url\":\"https:\\\/\\\/www.latelierabali.com\\\/\",\"logo\":{\"@type\":\"ImageObject\",\"inLanguage\":\"fr-FR\",\"@id\":\"https:\\\/\\\/www.latelierabali.com\\\/#\\\/schema\\\/logo\\\/image\\\/\",\"url\":\"https:\\\/\\\/www.latelierabali.com\\\/wp-content\\\/uploads\\\/2022\\\/02\\\/LAtelier-1.png\",\"contentUrl\":\"https:\\\/\\\/www.latelierabali.com\\\/wp-content\\\/uploads\\\/2022\\\/02\\\/LAtelier-1.png\",\"width\":945,\"height\":591,\"caption\":\"L'atelier A Bali\"},\"image\":{\"@id\":\"https:\\\/\\\/www.latelierabali.com\\\/#\\\/schema\\\/logo\\\/image\\\/\"},\"sameAs\":[\"https:\\\/\\\/www.facebook.com\\\/latelierabali\",\"https:\\\/\\\/www.instagram.com\\\/latelierabali\\\/\"]}]}<\/script>\n<!-- \/ Yoast SEO plugin. -->","yoast_head_json":{"title":"Terrasse en Bois Massif Teck - L'atelier A Bali","description":"Achetez des parquets, des terrasses et des plinthes en bois massif \u00e0 Bali au prix de gros et de d\u00e9tail. Pr\u00eat \u00e0 exporter dans le monde entier. Achetez maintenant!","robots":{"index":"index","follow":"follow","max-snippet":"max-snippet:-1","max-image-preview":"max-image-preview:large","max-video-preview":"max-video-preview:-1"},"canonical":"https:\/\/www.latelierabali.com\/fr\/produit\/terrasse-en-teck-et-en-bois-massif-2\/","og_locale":"fr_FR","og_type":"article","og_title":"Teak Solid Wood Decking - L&#039;atelier A Bali","og_description":"Buy solid wood parquet flooring, decking, and skirting in Bali at wholesale and retail price. Ready to export worldwide. Shop now!","og_url":"https:\/\/www.latelierabali.com\/fr\/produit\/terrasse-en-teck-et-en-bois-massif-2\/","og_site_name":"L&#039;atelier A Bali","article_publisher":"https:\/\/www.facebook.com\/latelierabali","og_image":[{"width":1080,"height":1080,"url":"https:\/\/www.latelierabali.com\/wp-content\/uploads\/2023\/08\/8-jati-outdoor-parquet-flooring-decking.jpg","type":"image\/jpeg"}],"twitter_card":"summary_large_image","schema":{"@context":"https:\/\/schema.org","@graph":[{"@type":["WebPage","ItemPage"],"@id":"https:\/\/www.latelierabali.com\/fr\/produit\/terrasse-en-teck-et-en-bois-massif-2\/","url":"https:\/\/www.latelierabali.com\/fr\/produit\/terrasse-en-teck-et-en-bois-massif-2\/","name":"Terrasse en Bois Massif Teck - L'atelier A Bali","isPartOf":{"@id":"https:\/\/www.latelierabali.com\/#website"},"primaryImageOfPage":{"@id":"https:\/\/www.latelierabali.com\/fr\/produit\/terrasse-en-teck-et-en-bois-massif-2\/#primaryimage"},"image":{"@id":"https:\/\/www.latelierabali.com\/fr\/produit\/terrasse-en-teck-et-en-bois-massif-2\/#primaryimage"},"thumbnailUrl":"https:\/\/www.latelierabali.com\/wp-content\/uploads\/2023\/08\/8-jati-outdoor-parquet-flooring-decking.webp","datePublished":"2023-08-22T02:38:40+00:00","description":"Achetez des parquets, des terrasses et des plinthes en bois massif \u00e0 Bali au prix de gros et de d\u00e9tail. Pr\u00eat \u00e0 exporter dans le monde entier. Achetez maintenant!","breadcrumb":{"@id":"https:\/\/www.latelierabali.com\/fr\/produit\/terrasse-en-teck-et-en-bois-massif-2\/#breadcrumb"},"inLanguage":"fr-FR","potentialAction":[{"@type":"ReadAction","target":["https:\/\/www.latelierabali.com\/fr\/produit\/terrasse-en-teck-et-en-bois-massif-2\/"]}]},{"@type":"ImageObject","inLanguage":"fr-FR","@id":"https:\/\/www.latelierabali.com\/fr\/produit\/terrasse-en-teck-et-en-bois-massif-2\/#primaryimage","url":"https:\/\/www.latelierabali.com\/wp-content\/uploads\/2023\/08\/8-jati-outdoor-parquet-flooring-decking.webp","contentUrl":"https:\/\/www.latelierabali.com\/wp-content\/uploads\/2023\/08\/8-jati-outdoor-parquet-flooring-decking.webp","width":1080,"height":1080,"caption":"8 jati outdoor parquet flooring decking"},{"@type":"BreadcrumbList","@id":"https:\/\/www.latelierabali.com\/fr\/produit\/terrasse-en-teck-et-en-bois-massif-2\/#breadcrumb","itemListElement":[{"@type":"ListItem","position":1,"name":"Home","item":"https:\/\/www.latelierabali.com\/"},{"@type":"ListItem","position":2,"name":"Our Product","item":"https:\/\/www.latelierabali.com\/?page_id=4133"},{"@type":"ListItem","position":3,"name":"Teak Solid Wood Decking"}]},{"@type":"WebSite","@id":"https:\/\/www.latelierabali.com\/#website","url":"https:\/\/www.latelierabali.com\/","name":"L&#039;atelier A Bali","description":"Nous concevons, fabriquons et exp\u00e9dions des meubles, de la d\u00e9coration, des luminaires et de l&#039;artisanat de Bali \u00e0 votre domicile !!","publisher":{"@id":"https:\/\/www.latelierabali.com\/#organization"},"potentialAction":[{"@type":"SearchAction","target":{"@type":"EntryPoint","urlTemplate":"https:\/\/www.latelierabali.com\/?s={search_term_string}"},"query-input":{"@type":"PropertyValueSpecification","valueRequired":true,"valueName":"search_term_string"}}],"inLanguage":"fr-FR"},{"@type":"Organization","@id":"https:\/\/www.latelierabali.com\/#organization","name":"L&#039;atelier A Bali","url":"https:\/\/www.latelierabali.com\/","logo":{"@type":"ImageObject","inLanguage":"fr-FR","@id":"https:\/\/www.latelierabali.com\/#\/schema\/logo\/image\/","url":"https:\/\/www.latelierabali.com\/wp-content\/uploads\/2022\/02\/LAtelier-1.png","contentUrl":"https:\/\/www.latelierabali.com\/wp-content\/uploads\/2022\/02\/LAtelier-1.png","width":945,"height":591,"caption":"L'atelier A Bali"},"image":{"@id":"https:\/\/www.latelierabali.com\/#\/schema\/logo\/image\/"},"sameAs":["https:\/\/www.facebook.com\/latelierabali","https:\/\/www.instagram.com\/latelierabali\/"]}]}},"_links":{"self":[{"href":"https:\/\/www.latelierabali.com\/fr\/wp-json\/wp\/v2\/product\/30145","targetHints":{"allow":["GET"]}}],"collection":[{"href":"https:\/\/www.latelierabali.com\/fr\/wp-json\/wp\/v2\/product"}],"about":[{"href":"https:\/\/www.latelierabali.com\/fr\/wp-json\/wp\/v2\/types\/product"}],"replies":[{"embeddable":true,"href":"https:\/\/www.latelierabali.com\/fr\/wp-json\/wp\/v2\/comments?post=30145"}],"wp:featuredmedia":[{"embeddable":true,"href":"https:\/\/www.latelierabali.com\/fr\/wp-json\/wp\/v2\/media\/30155"}],"wp:attachment":[{"href":"https:\/\/www.latelierabali.com\/fr\/wp-json\/wp\/v2\/media?parent=30145"}],"wp:term":[{"taxonomy":"product_brand","embeddable":true,"href":"https:\/\/www.latelierabali.com\/fr\/wp-json\/wp\/v2\/product_brand?post=30145"},{"taxonomy":"product_cat","embeddable":true,"href":"https:\/\/www.latelierabali.com\/fr\/wp-json\/wp\/v2\/product_cat?post=30145"},{"taxonomy":"product_tag","embeddable":true,"href":"https:\/\/www.latelierabali.com\/fr\/wp-json\/wp\/v2\/product_tag?post=30145"}],"curies":[{"name":"wp","href":"https:\/\/api.w.org\/{rel}","templated":true}]}}