{"id":2618,"date":"2021-10-14T09:15:04","date_gmt":"2021-10-14T09:15:04","guid":{"rendered":"https:\/\/latelierabali.com\/product\/teapot-600-ml-blue\/"},"modified":"2021-10-26T02:41:19","modified_gmt":"2021-10-26T02:41:19","slug":"teapot-600-ml-blue","status":"publish","type":"product","link":"https:\/\/www.latelierabali.com\/fr\/produit\/teapot-600-ml-blue\/","title":{"rendered":"Th\u00e9i\u00e8re 600 mL Bleu"},"content":{"rendered":"<p><strong>Commande minimum 24 pi\u00e8ces\/type<\/strong><\/p>\n<div>\n<p><span><strong>pour 1 pcs\/type acheter un minimum de 24 pcs\/type nous fournissons un prix<\/strong> :<strong> 68,15 \u20ac pour ( 1 pi\u00e8ce )<\/strong><\/span><\/p>\n<\/div>\n<p><strong>et si vous achetez 100 pi\u00e8ces\/type <\/strong>: <strong>61,1 \u20ac pour ( 1 pi\u00e8ce )<\/strong><\/p>\n<p><strong>La m\u00eame couleur que la photo <\/strong><\/p>\n<p>1 jeu :<\/p>\n<ul>\n<li>1 th\u00e9i\u00e8re : 600 ml<\/li>\n<li>2 tasses : 80 \u2013 90 ml<\/li>\n<li>1 set de table en bois avec r\u00e9sine selon la couleur de la th\u00e9i\u00e8re<\/li>\n<\/ul>\n<ul>\n<li>&nbsp;<\/li>\n<\/ul>","protected":false},"excerpt":{"rendered":"<p>Minimum order 24 pcs\/type for 1 pcs\/type purchase a minimum of 24 pcs\/type we provide a price : \u20ac 68.15 for ( 1 pcs ) and if you buy 100 pcs\/type : \u20ac 61.1 for ( 1 pcs ) The color same&nbsp; like the foto 1 set&nbsp; : 1 teapot : 600 mL 2 Cup [&hellip;]<\/p>\n","protected":false},"featured_media":2619,"comment_status":"open","ping_status":"open","template":"","meta":{"site-sidebar-layout":"default","site-content-layout":"","ast-site-content-layout":"default","site-content-style":"default","site-sidebar-style":"default","ast-global-header-display":"","ast-banner-title-visibility":"","ast-main-header-display":"","ast-hfb-above-header-display":"","ast-hfb-below-header-display":"","ast-hfb-mobile-header-display":"","site-post-title":"","ast-breadcrumbs-content":"","ast-featured-img":"","footer-sml-layout":"","ast-disable-related-posts":"","theme-transparent-header-meta":"","adv-header-id-meta":"","stick-header-meta":"","header-above-stick-meta":"","header-main-stick-meta":"","header-below-stick-meta":"","astra-migrate-meta-layouts":"default","ast-page-background-enabled":"default","ast-page-background-meta":{"desktop":{"background-color":"","background-image":"","background-repeat":"repeat","background-position":"center center","background-size":"auto","background-attachment":"scroll","background-type":"","background-media":"","overlay-type":"","overlay-color":"","overlay-opacity":"","overlay-gradient":""},"tablet":{"background-color":"","background-image":"","background-repeat":"repeat","background-position":"center center","background-size":"auto","background-attachment":"scroll","background-type":"","background-media":"","overlay-type":"","overlay-color":"","overlay-opacity":"","overlay-gradient":""},"mobile":{"background-color":"","background-image":"","background-repeat":"repeat","background-position":"center center","background-size":"auto","background-attachment":"scroll","background-type":"","background-media":"","overlay-type":"","overlay-color":"","overlay-opacity":"","overlay-gradient":""}},"ast-content-background-meta":{"desktop":{"background-color":"var(--ast-global-color-5)","background-image":"","background-repeat":"repeat","background-position":"center center","background-size":"auto","background-attachment":"scroll","background-type":"","background-media":"","overlay-type":"","overlay-color":"","overlay-opacity":"","overlay-gradient":""},"tablet":{"background-color":"var(--ast-global-color-5)","background-image":"","background-repeat":"repeat","background-position":"center center","background-size":"auto","background-attachment":"scroll","background-type":"","background-media":"","overlay-type":"","overlay-color":"","overlay-opacity":"","overlay-gradient":""},"mobile":{"background-color":"var(--ast-global-color-5)","background-image":"","background-repeat":"repeat","background-position":"center center","background-size":"auto","background-attachment":"scroll","background-type":"","background-media":"","overlay-type":"","overlay-color":"","overlay-opacity":"","overlay-gradient":""}}},"product_brand":[],"product_cat":[77],"product_tag":[],"class_list":{"0":"post-2618","1":"product","2":"type-product","3":"status-publish","4":"has-post-thumbnail","6":"product_cat-handmade-dinnerware","7":"desktop-align-left","8":"tablet-align-left","9":"mobile-align-left","11":"first","12":"instock","13":"purchasable","14":"product-type-simple"},"yoast_head":"<!-- This site is optimized with the Yoast SEO plugin v27.3 - https:\/\/yoast.com\/product\/yoast-seo-wordpress\/ -->\n<title>Teapot 600 mL Blue<\/title>\n<meta name=\"description\" content=\"Minimum order 24 pcs\/typefor 1 pcs\/type purchase a minimum of 24 pcs\/type we provide a price : \u20ac 68.15 for ( 1 pcs )and if you buy 100 pcs\/type : \u20ac 61.1 for ( 1 pcs )The color same&nbsp; like the foto 1 set&nbsp; :1 teapot : 600 mL2 Cup : 80 - 90 mL1 wooden placemat with resin according to teapot color&nbsp;\" \/>\n<meta name=\"robots\" content=\"index, follow, max-snippet:-1, max-image-preview:large, max-video-preview:-1\" \/>\n<link rel=\"canonical\" href=\"https:\/\/www.latelierabali.com\/fr\/produit\/teapot-600-ml-blue\/\" \/>\n<meta property=\"og:locale\" content=\"fr_FR\" \/>\n<meta property=\"og:type\" content=\"article\" \/>\n<meta property=\"og:title\" content=\"Teapot 600 mL Blue\" \/>\n<meta property=\"og:description\" content=\"Minimum order 24 pcs\/typefor 1 pcs\/type purchase a minimum of 24 pcs\/type we provide a price : \u20ac 68.15 for ( 1 pcs )and if you buy 100 pcs\/type : \u20ac 61.1 for ( 1 pcs )The color same&nbsp; like the foto 1 set&nbsp; :1 teapot : 600 mL2 Cup : 80 - 90 mL1 wooden placemat with resin according to teapot color&nbsp;\" \/>\n<meta property=\"og:url\" content=\"https:\/\/www.latelierabali.com\/fr\/produit\/teapot-600-ml-blue\/\" \/>\n<meta property=\"og:site_name\" content=\"L&#039;atelier A Bali\" \/>\n<meta property=\"article:publisher\" content=\"https:\/\/www.facebook.com\/latelierabali\" \/>\n<meta property=\"article:modified_time\" content=\"2021-10-26T02:41:19+00:00\" \/>\n<meta property=\"og:image\" content=\"https:\/\/www.latelierabali.com\/wp-content\/uploads\/2021\/10\/3ea2e0_bb6a66c2a67344bb89eebf7c1f084e14mv2-1.jpg\" \/>\n\t<meta property=\"og:image:width\" content=\"268\" \/>\n\t<meta property=\"og:image:height\" content=\"268\" \/>\n\t<meta property=\"og:image:type\" content=\"image\/jpeg\" \/>\n<meta name=\"twitter:card\" content=\"summary_large_image\" \/>\n<script type=\"application\/ld+json\" class=\"yoast-schema-graph\">{\"@context\":\"https:\\\/\\\/schema.org\",\"@graph\":[{\"@type\":[\"WebPage\",\"ItemPage\"],\"@id\":\"https:\\\/\\\/www.latelierabali.com\\\/product\\\/teapot-600-ml-blue\\\/\",\"url\":\"https:\\\/\\\/www.latelierabali.com\\\/product\\\/teapot-600-ml-blue\\\/\",\"name\":\"Teapot 600 mL Blue\",\"isPartOf\":{\"@id\":\"https:\\\/\\\/www.latelierabali.com\\\/#website\"},\"primaryImageOfPage\":{\"@id\":\"https:\\\/\\\/www.latelierabali.com\\\/product\\\/teapot-600-ml-blue\\\/#primaryimage\"},\"image\":{\"@id\":\"https:\\\/\\\/www.latelierabali.com\\\/product\\\/teapot-600-ml-blue\\\/#primaryimage\"},\"thumbnailUrl\":\"https:\\\/\\\/www.latelierabali.com\\\/wp-content\\\/uploads\\\/2021\\\/10\\\/3ea2e0_bb6a66c2a67344bb89eebf7c1f084e14mv2-1.jpg\",\"datePublished\":\"2021-10-14T09:15:04+00:00\",\"dateModified\":\"2021-10-26T02:41:19+00:00\",\"description\":\"Minimum order 24 pcs\\\/typefor 1 pcs\\\/type purchase a minimum of 24 pcs\\\/type we provide a price : \u20ac 68.15 for ( 1 pcs )and if you buy 100 pcs\\\/type : \u20ac 61.1 for ( 1 pcs )The color same&nbsp; like the foto 1 set&nbsp; :1 teapot : 600 mL2 Cup : 80 - 90 mL1 wooden placemat with resin according to teapot color&nbsp;\",\"breadcrumb\":{\"@id\":\"https:\\\/\\\/www.latelierabali.com\\\/product\\\/teapot-600-ml-blue\\\/#breadcrumb\"},\"inLanguage\":\"fr-FR\",\"potentialAction\":[{\"@type\":\"ReadAction\",\"target\":[\"https:\\\/\\\/www.latelierabali.com\\\/product\\\/teapot-600-ml-blue\\\/\"]}]},{\"@type\":\"ImageObject\",\"inLanguage\":\"fr-FR\",\"@id\":\"https:\\\/\\\/www.latelierabali.com\\\/product\\\/teapot-600-ml-blue\\\/#primaryimage\",\"url\":\"https:\\\/\\\/www.latelierabali.com\\\/wp-content\\\/uploads\\\/2021\\\/10\\\/3ea2e0_bb6a66c2a67344bb89eebf7c1f084e14mv2-1.jpg\",\"contentUrl\":\"https:\\\/\\\/www.latelierabali.com\\\/wp-content\\\/uploads\\\/2021\\\/10\\\/3ea2e0_bb6a66c2a67344bb89eebf7c1f084e14mv2-1.jpg\",\"width\":268,\"height\":268,\"caption\":\"Teapot 600 mL Blue\"},{\"@type\":\"BreadcrumbList\",\"@id\":\"https:\\\/\\\/www.latelierabali.com\\\/product\\\/teapot-600-ml-blue\\\/#breadcrumb\",\"itemListElement\":[{\"@type\":\"ListItem\",\"position\":1,\"name\":\"Home\",\"item\":\"https:\\\/\\\/www.latelierabali.com\\\/\"},{\"@type\":\"ListItem\",\"position\":2,\"name\":\"Our Product\",\"item\":\"https:\\\/\\\/www.latelierabali.com\\\/?page_id=4133\"},{\"@type\":\"ListItem\",\"position\":3,\"name\":\"Teapot 600 mL Blue\"}]},{\"@type\":\"WebSite\",\"@id\":\"https:\\\/\\\/www.latelierabali.com\\\/#website\",\"url\":\"https:\\\/\\\/www.latelierabali.com\\\/\",\"name\":\"L'atelier A Bali\",\"description\":\"We design, manufacture and ship furniture, decoration, lighting and crafts from Bali to your home !!\",\"publisher\":{\"@id\":\"https:\\\/\\\/www.latelierabali.com\\\/#organization\"},\"potentialAction\":[{\"@type\":\"SearchAction\",\"target\":{\"@type\":\"EntryPoint\",\"urlTemplate\":\"https:\\\/\\\/www.latelierabali.com\\\/?s={search_term_string}\"},\"query-input\":{\"@type\":\"PropertyValueSpecification\",\"valueRequired\":true,\"valueName\":\"search_term_string\"}}],\"inLanguage\":\"fr-FR\"},{\"@type\":\"Organization\",\"@id\":\"https:\\\/\\\/www.latelierabali.com\\\/#organization\",\"name\":\"L'atelier A Bali\",\"url\":\"https:\\\/\\\/www.latelierabali.com\\\/\",\"logo\":{\"@type\":\"ImageObject\",\"inLanguage\":\"fr-FR\",\"@id\":\"https:\\\/\\\/www.latelierabali.com\\\/#\\\/schema\\\/logo\\\/image\\\/\",\"url\":\"https:\\\/\\\/www.latelierabali.com\\\/wp-content\\\/uploads\\\/2022\\\/02\\\/LAtelier-1.png\",\"contentUrl\":\"https:\\\/\\\/www.latelierabali.com\\\/wp-content\\\/uploads\\\/2022\\\/02\\\/LAtelier-1.png\",\"width\":945,\"height\":591,\"caption\":\"L'atelier A Bali\"},\"image\":{\"@id\":\"https:\\\/\\\/www.latelierabali.com\\\/#\\\/schema\\\/logo\\\/image\\\/\"},\"sameAs\":[\"https:\\\/\\\/www.facebook.com\\\/latelierabali\",\"https:\\\/\\\/www.instagram.com\\\/latelierabali\\\/\"]}]}<\/script>\n<!-- \/ Yoast SEO plugin. -->","yoast_head_json":{"title":"Th\u00e9i\u00e8re 600 mL Bleu","description":"Minimum order 24 pcs\/typefor 1 pcs\/type purchase a minimum of 24 pcs\/type we provide a price : \u20ac 68.15 for ( 1 pcs )and if you buy 100 pcs\/type : \u20ac 61.1 for ( 1 pcs )The color same&nbsp; like the foto 1 set&nbsp; :1 teapot : 600 mL2 Cup : 80 - 90 mL1 wooden placemat with resin according to teapot color&nbsp;","robots":{"index":"index","follow":"follow","max-snippet":"max-snippet:-1","max-image-preview":"max-image-preview:large","max-video-preview":"max-video-preview:-1"},"canonical":"https:\/\/www.latelierabali.com\/fr\/produit\/teapot-600-ml-blue\/","og_locale":"fr_FR","og_type":"article","og_title":"Teapot 600 mL Blue","og_description":"Minimum order 24 pcs\/typefor 1 pcs\/type purchase a minimum of 24 pcs\/type we provide a price : \u20ac 68.15 for ( 1 pcs )and if you buy 100 pcs\/type : \u20ac 61.1 for ( 1 pcs )The color same&nbsp; like the foto 1 set&nbsp; :1 teapot : 600 mL2 Cup : 80 - 90 mL1 wooden placemat with resin according to teapot color&nbsp;","og_url":"https:\/\/www.latelierabali.com\/fr\/produit\/teapot-600-ml-blue\/","og_site_name":"L&#039;atelier A Bali","article_publisher":"https:\/\/www.facebook.com\/latelierabali","article_modified_time":"2021-10-26T02:41:19+00:00","og_image":[{"width":268,"height":268,"url":"https:\/\/www.latelierabali.com\/wp-content\/uploads\/2021\/10\/3ea2e0_bb6a66c2a67344bb89eebf7c1f084e14mv2-1.jpg","type":"image\/jpeg"}],"twitter_card":"summary_large_image","schema":{"@context":"https:\/\/schema.org","@graph":[{"@type":["WebPage","ItemPage"],"@id":"https:\/\/www.latelierabali.com\/product\/teapot-600-ml-blue\/","url":"https:\/\/www.latelierabali.com\/product\/teapot-600-ml-blue\/","name":"Th\u00e9i\u00e8re 600 mL Bleu","isPartOf":{"@id":"https:\/\/www.latelierabali.com\/#website"},"primaryImageOfPage":{"@id":"https:\/\/www.latelierabali.com\/product\/teapot-600-ml-blue\/#primaryimage"},"image":{"@id":"https:\/\/www.latelierabali.com\/product\/teapot-600-ml-blue\/#primaryimage"},"thumbnailUrl":"https:\/\/www.latelierabali.com\/wp-content\/uploads\/2021\/10\/3ea2e0_bb6a66c2a67344bb89eebf7c1f084e14mv2-1.jpg","datePublished":"2021-10-14T09:15:04+00:00","dateModified":"2021-10-26T02:41:19+00:00","description":"Minimum order 24 pcs\/typefor 1 pcs\/type purchase a minimum of 24 pcs\/type we provide a price : \u20ac 68.15 for ( 1 pcs )and if you buy 100 pcs\/type : \u20ac 61.1 for ( 1 pcs )The color same&nbsp; like the foto 1 set&nbsp; :1 teapot : 600 mL2 Cup : 80 - 90 mL1 wooden placemat with resin according to teapot color&nbsp;","breadcrumb":{"@id":"https:\/\/www.latelierabali.com\/product\/teapot-600-ml-blue\/#breadcrumb"},"inLanguage":"fr-FR","potentialAction":[{"@type":"ReadAction","target":["https:\/\/www.latelierabali.com\/product\/teapot-600-ml-blue\/"]}]},{"@type":"ImageObject","inLanguage":"fr-FR","@id":"https:\/\/www.latelierabali.com\/product\/teapot-600-ml-blue\/#primaryimage","url":"https:\/\/www.latelierabali.com\/wp-content\/uploads\/2021\/10\/3ea2e0_bb6a66c2a67344bb89eebf7c1f084e14mv2-1.jpg","contentUrl":"https:\/\/www.latelierabali.com\/wp-content\/uploads\/2021\/10\/3ea2e0_bb6a66c2a67344bb89eebf7c1f084e14mv2-1.jpg","width":268,"height":268,"caption":"Teapot 600 mL Blue"},{"@type":"BreadcrumbList","@id":"https:\/\/www.latelierabali.com\/product\/teapot-600-ml-blue\/#breadcrumb","itemListElement":[{"@type":"ListItem","position":1,"name":"Home","item":"https:\/\/www.latelierabali.com\/"},{"@type":"ListItem","position":2,"name":"Our Product","item":"https:\/\/www.latelierabali.com\/?page_id=4133"},{"@type":"ListItem","position":3,"name":"Teapot 600 mL Blue"}]},{"@type":"WebSite","@id":"https:\/\/www.latelierabali.com\/#website","url":"https:\/\/www.latelierabali.com\/","name":"L&#039;atelier A Bali","description":"Nous concevons, fabriquons et exp\u00e9dions des meubles, de la d\u00e9coration, des luminaires et de l&#039;artisanat de Bali \u00e0 votre domicile !!","publisher":{"@id":"https:\/\/www.latelierabali.com\/#organization"},"potentialAction":[{"@type":"SearchAction","target":{"@type":"EntryPoint","urlTemplate":"https:\/\/www.latelierabali.com\/?s={search_term_string}"},"query-input":{"@type":"PropertyValueSpecification","valueRequired":true,"valueName":"search_term_string"}}],"inLanguage":"fr-FR"},{"@type":"Organization","@id":"https:\/\/www.latelierabali.com\/#organization","name":"L&#039;atelier A Bali","url":"https:\/\/www.latelierabali.com\/","logo":{"@type":"ImageObject","inLanguage":"fr-FR","@id":"https:\/\/www.latelierabali.com\/#\/schema\/logo\/image\/","url":"https:\/\/www.latelierabali.com\/wp-content\/uploads\/2022\/02\/LAtelier-1.png","contentUrl":"https:\/\/www.latelierabali.com\/wp-content\/uploads\/2022\/02\/LAtelier-1.png","width":945,"height":591,"caption":"L'atelier A Bali"},"image":{"@id":"https:\/\/www.latelierabali.com\/#\/schema\/logo\/image\/"},"sameAs":["https:\/\/www.facebook.com\/latelierabali","https:\/\/www.instagram.com\/latelierabali\/"]}]}},"_links":{"self":[{"href":"https:\/\/www.latelierabali.com\/fr\/wp-json\/wp\/v2\/product\/2618","targetHints":{"allow":["GET"]}}],"collection":[{"href":"https:\/\/www.latelierabali.com\/fr\/wp-json\/wp\/v2\/product"}],"about":[{"href":"https:\/\/www.latelierabali.com\/fr\/wp-json\/wp\/v2\/types\/product"}],"replies":[{"embeddable":true,"href":"https:\/\/www.latelierabali.com\/fr\/wp-json\/wp\/v2\/comments?post=2618"}],"wp:featuredmedia":[{"embeddable":true,"href":"https:\/\/www.latelierabali.com\/fr\/wp-json\/wp\/v2\/media\/2619"}],"wp:attachment":[{"href":"https:\/\/www.latelierabali.com\/fr\/wp-json\/wp\/v2\/media?parent=2618"}],"wp:term":[{"taxonomy":"product_brand","embeddable":true,"href":"https:\/\/www.latelierabali.com\/fr\/wp-json\/wp\/v2\/product_brand?post=2618"},{"taxonomy":"product_cat","embeddable":true,"href":"https:\/\/www.latelierabali.com\/fr\/wp-json\/wp\/v2\/product_cat?post=2618"},{"taxonomy":"product_tag","embeddable":true,"href":"https:\/\/www.latelierabali.com\/fr\/wp-json\/wp\/v2\/product_tag?post=2618"}],"curies":[{"name":"wp","href":"https:\/\/api.w.org\/{rel}","templated":true}]}}