{"id":2597,"date":"2021-10-14T09:14:53","date_gmt":"2021-10-14T09:14:53","guid":{"rendered":"https:\/\/latelierabali.com\/product\/ceramic-plate-blue-3\/"},"modified":"2021-10-26T02:41:17","modified_gmt":"2021-10-26T02:41:17","slug":"ceramic-plate-blue-3","status":"publish","type":"product","link":"https:\/\/www.latelierabali.com\/fr\/produit\/ceramic-plate-blue-3\/","title":{"rendered":"Assiette C\u00e9ramique Bleu 3"},"content":{"rendered":"<p>Toutes les couleurs et finitions sont de qualit\u00e9 alimentaire, lavables au lave-vaisselle et au micro-ondes, pour la couleur et la finition de couleur noire car sa surface de retrait ne prot\u00e8gera pas les couteaux\/cuill\u00e8res en m\u00e9tal.<\/p>\n<p><strong>(Commande minimum 24 pi\u00e8ces)<\/strong><\/p>\n<p><strong><span>Nous fournissons un prix minimum pour 24 pi\u00e8ces<\/span><\/strong><\/p>\n<p><strong>Taille et prix :<\/strong><\/p>\n<p>D 27-28 cm x 2 cm : 18,8 \u20ac pour (1 pi\u00e8ce)<\/p>\n<p>D 25-26 cm x 2 cm : 16,45 \u20ac pour (1 pi\u00e8ce)<\/p>\n<p>D 22-23 cm x 2 cm : 14,1 \u20ac pour (1 pi\u00e8ce)<\/p>\n<p><strong><span>si vous achetez 100 pi\u00e8ces, nous vous donnerons un bon prix <\/span><\/strong><\/p>\n<p><strong>Taille et prix :<\/strong><\/p>\n<p>D 27-28 cm x 2 cm : 14,1 \u20ac pour (1 pi\u00e8ce)<\/p>\n<p>D 25-26 cm x 2 cm : 12,22 \u20ac pour (1 pi\u00e8ce)<\/p>\n<p>D 22-23 cm x 2 cm : 11,75 \u20ac pour (1 pi\u00e8ce)<\/p>","protected":false},"excerpt":{"rendered":"<p>All colours and finishing are foodgrade, dishwasher safe dan microwave safe, for colour and finishing black colour because it&#8217;s doff surface will no metal knife\/spoon making safe ( Minimum order 24 pcs ) We provide a minimum price for 24 pcs Size &amp; price: D 27-28 cm x 2 cm : \u20ac 18.8 for (1 [&hellip;]<\/p>\n","protected":false},"featured_media":2598,"comment_status":"open","ping_status":"open","template":"","meta":{"site-sidebar-layout":"default","site-content-layout":"","ast-site-content-layout":"default","site-content-style":"default","site-sidebar-style":"default","ast-global-header-display":"","ast-banner-title-visibility":"","ast-main-header-display":"","ast-hfb-above-header-display":"","ast-hfb-below-header-display":"","ast-hfb-mobile-header-display":"","site-post-title":"","ast-breadcrumbs-content":"","ast-featured-img":"","footer-sml-layout":"","ast-disable-related-posts":"","theme-transparent-header-meta":"","adv-header-id-meta":"","stick-header-meta":"","header-above-stick-meta":"","header-main-stick-meta":"","header-below-stick-meta":"","astra-migrate-meta-layouts":"default","ast-page-background-enabled":"default","ast-page-background-meta":{"desktop":{"background-color":"","background-image":"","background-repeat":"repeat","background-position":"center center","background-size":"auto","background-attachment":"scroll","background-type":"","background-media":"","overlay-type":"","overlay-color":"","overlay-opacity":"","overlay-gradient":""},"tablet":{"background-color":"","background-image":"","background-repeat":"repeat","background-position":"center center","background-size":"auto","background-attachment":"scroll","background-type":"","background-media":"","overlay-type":"","overlay-color":"","overlay-opacity":"","overlay-gradient":""},"mobile":{"background-color":"","background-image":"","background-repeat":"repeat","background-position":"center center","background-size":"auto","background-attachment":"scroll","background-type":"","background-media":"","overlay-type":"","overlay-color":"","overlay-opacity":"","overlay-gradient":""}},"ast-content-background-meta":{"desktop":{"background-color":"var(--ast-global-color-5)","background-image":"","background-repeat":"repeat","background-position":"center center","background-size":"auto","background-attachment":"scroll","background-type":"","background-media":"","overlay-type":"","overlay-color":"","overlay-opacity":"","overlay-gradient":""},"tablet":{"background-color":"var(--ast-global-color-5)","background-image":"","background-repeat":"repeat","background-position":"center center","background-size":"auto","background-attachment":"scroll","background-type":"","background-media":"","overlay-type":"","overlay-color":"","overlay-opacity":"","overlay-gradient":""},"mobile":{"background-color":"var(--ast-global-color-5)","background-image":"","background-repeat":"repeat","background-position":"center center","background-size":"auto","background-attachment":"scroll","background-type":"","background-media":"","overlay-type":"","overlay-color":"","overlay-opacity":"","overlay-gradient":""}}},"product_brand":[],"product_cat":[77],"product_tag":[],"class_list":{"0":"post-2597","1":"product","2":"type-product","3":"status-publish","4":"has-post-thumbnail","6":"product_cat-handmade-dinnerware","7":"desktop-align-left","8":"tablet-align-left","9":"mobile-align-left","11":"first","12":"instock","13":"purchasable","14":"product-type-simple"},"yoast_head":"<!-- This site is optimized with the Yoast SEO plugin v27.4 - https:\/\/yoast.com\/product\/yoast-seo-wordpress\/ -->\n<title>Ceramic Plate Blue 3<\/title>\n<meta name=\"description\" content=\"All colours and finishing are foodgrade, dishwasher safe dan microwave safe, for colour and finishing black colour because it&#039;s doff surface will no metal knife\/spoon making safe( Minimum order 24 pcs )We provide a minimum price for 24 pcsSize &amp; price:D 27-28 cm x 2 cm : \u20ac 18.8 for (1 pcs)D 25-26 cm x 2 cm : \u20ac 16.45 for (1 pcs)D 22-23 cm x 2 cm : \u20ac 14.1 for (1 pcs)if you buy 100 pcs, we will give you a good price Size &amp; price:D 27-28 cm x 2 cm : \u20ac 14.1 for (1 pcs)D 25-26 cm x 2 cm : \u20ac 12.22 for (1 pcs)D 22-23 cm x 2 cm : \u20ac 11.75 for (1 pcs)\" \/>\n<meta name=\"robots\" content=\"index, follow, max-snippet:-1, max-image-preview:large, max-video-preview:-1\" \/>\n<link rel=\"canonical\" href=\"https:\/\/www.latelierabali.com\/fr\/produit\/ceramic-plate-blue-3\/\" \/>\n<meta property=\"og:locale\" content=\"fr_FR\" \/>\n<meta property=\"og:type\" content=\"article\" \/>\n<meta property=\"og:title\" content=\"Ceramic Plate Blue 3\" \/>\n<meta property=\"og:description\" content=\"All colours and finishing are foodgrade, dishwasher safe dan microwave safe, for colour and finishing black colour because it&#039;s doff surface will no metal knife\/spoon making safe( Minimum order 24 pcs )We provide a minimum price for 24 pcsSize &amp; price:D 27-28 cm x 2 cm : \u20ac 18.8 for (1 pcs)D 25-26 cm x 2 cm : \u20ac 16.45 for (1 pcs)D 22-23 cm x 2 cm : \u20ac 14.1 for (1 pcs)if you buy 100 pcs, we will give you a good price Size &amp; price:D 27-28 cm x 2 cm : \u20ac 14.1 for (1 pcs)D 25-26 cm x 2 cm : \u20ac 12.22 for (1 pcs)D 22-23 cm x 2 cm : \u20ac 11.75 for (1 pcs)\" \/>\n<meta property=\"og:url\" content=\"https:\/\/www.latelierabali.com\/fr\/produit\/ceramic-plate-blue-3\/\" \/>\n<meta property=\"og:site_name\" content=\"L&#039;atelier A Bali\" \/>\n<meta property=\"article:publisher\" content=\"https:\/\/www.facebook.com\/latelierabali\" \/>\n<meta property=\"article:modified_time\" content=\"2021-10-26T02:41:17+00:00\" \/>\n<meta property=\"og:image\" content=\"https:\/\/www.latelierabali.com\/wp-content\/uploads\/2021\/10\/0216eb_97c8f0331a904ef399d2761d73076976mv2-1.jpg\" \/>\n\t<meta property=\"og:image:width\" content=\"768\" \/>\n\t<meta property=\"og:image:height\" content=\"1024\" \/>\n\t<meta property=\"og:image:type\" content=\"image\/jpeg\" \/>\n<meta name=\"twitter:card\" content=\"summary_large_image\" \/>\n<script type=\"application\/ld+json\" class=\"yoast-schema-graph\">{\"@context\":\"https:\\\/\\\/schema.org\",\"@graph\":[{\"@type\":[\"WebPage\",\"ItemPage\"],\"@id\":\"https:\\\/\\\/www.latelierabali.com\\\/product\\\/ceramic-plate-blue-3\\\/\",\"url\":\"https:\\\/\\\/www.latelierabali.com\\\/product\\\/ceramic-plate-blue-3\\\/\",\"name\":\"Ceramic Plate Blue 3\",\"isPartOf\":{\"@id\":\"https:\\\/\\\/www.latelierabali.com\\\/#website\"},\"primaryImageOfPage\":{\"@id\":\"https:\\\/\\\/www.latelierabali.com\\\/product\\\/ceramic-plate-blue-3\\\/#primaryimage\"},\"image\":{\"@id\":\"https:\\\/\\\/www.latelierabali.com\\\/product\\\/ceramic-plate-blue-3\\\/#primaryimage\"},\"thumbnailUrl\":\"https:\\\/\\\/www.latelierabali.com\\\/wp-content\\\/uploads\\\/2021\\\/10\\\/0216eb_97c8f0331a904ef399d2761d73076976mv2-1.jpg\",\"datePublished\":\"2021-10-14T09:14:53+00:00\",\"dateModified\":\"2021-10-26T02:41:17+00:00\",\"description\":\"All colours and finishing are foodgrade, dishwasher safe dan microwave safe, for colour and finishing black colour because it's doff surface will no metal knife\\\/spoon making safe( Minimum order 24 pcs )We provide a minimum price for 24 pcsSize &amp; price:D 27-28 cm x 2 cm : \u20ac 18.8 for (1 pcs)D 25-26 cm x 2 cm : \u20ac 16.45 for (1 pcs)D 22-23 cm x 2 cm : \u20ac 14.1 for (1 pcs)if you buy 100 pcs, we will give you a good price Size &amp; price:D 27-28 cm x 2 cm : \u20ac 14.1 for (1 pcs)D 25-26 cm x 2 cm : \u20ac 12.22 for (1 pcs)D 22-23 cm x 2 cm : \u20ac 11.75 for (1 pcs)\",\"breadcrumb\":{\"@id\":\"https:\\\/\\\/www.latelierabali.com\\\/product\\\/ceramic-plate-blue-3\\\/#breadcrumb\"},\"inLanguage\":\"fr-FR\",\"potentialAction\":[{\"@type\":\"ReadAction\",\"target\":[\"https:\\\/\\\/www.latelierabali.com\\\/product\\\/ceramic-plate-blue-3\\\/\"]}]},{\"@type\":\"ImageObject\",\"inLanguage\":\"fr-FR\",\"@id\":\"https:\\\/\\\/www.latelierabali.com\\\/product\\\/ceramic-plate-blue-3\\\/#primaryimage\",\"url\":\"https:\\\/\\\/www.latelierabali.com\\\/wp-content\\\/uploads\\\/2021\\\/10\\\/0216eb_97c8f0331a904ef399d2761d73076976mv2-1.jpg\",\"contentUrl\":\"https:\\\/\\\/www.latelierabali.com\\\/wp-content\\\/uploads\\\/2021\\\/10\\\/0216eb_97c8f0331a904ef399d2761d73076976mv2-1.jpg\",\"width\":768,\"height\":1024,\"caption\":\"Ceramic Plate Blue 3\"},{\"@type\":\"BreadcrumbList\",\"@id\":\"https:\\\/\\\/www.latelierabali.com\\\/product\\\/ceramic-plate-blue-3\\\/#breadcrumb\",\"itemListElement\":[{\"@type\":\"ListItem\",\"position\":1,\"name\":\"Home\",\"item\":\"https:\\\/\\\/www.latelierabali.com\\\/\"},{\"@type\":\"ListItem\",\"position\":2,\"name\":\"Our Product\",\"item\":\"https:\\\/\\\/www.latelierabali.com\\\/?page_id=4133\"},{\"@type\":\"ListItem\",\"position\":3,\"name\":\"Ceramic Plate Blue 3\"}]},{\"@type\":\"WebSite\",\"@id\":\"https:\\\/\\\/www.latelierabali.com\\\/#website\",\"url\":\"https:\\\/\\\/www.latelierabali.com\\\/\",\"name\":\"L'atelier A Bali\",\"description\":\"We design, manufacture and ship furniture, decoration, lighting and crafts from Bali to your home !!\",\"publisher\":{\"@id\":\"https:\\\/\\\/www.latelierabali.com\\\/#organization\"},\"potentialAction\":[{\"@type\":\"SearchAction\",\"target\":{\"@type\":\"EntryPoint\",\"urlTemplate\":\"https:\\\/\\\/www.latelierabali.com\\\/?s={search_term_string}\"},\"query-input\":{\"@type\":\"PropertyValueSpecification\",\"valueRequired\":true,\"valueName\":\"search_term_string\"}}],\"inLanguage\":\"fr-FR\"},{\"@type\":\"Organization\",\"@id\":\"https:\\\/\\\/www.latelierabali.com\\\/#organization\",\"name\":\"L'atelier A Bali\",\"url\":\"https:\\\/\\\/www.latelierabali.com\\\/\",\"logo\":{\"@type\":\"ImageObject\",\"inLanguage\":\"fr-FR\",\"@id\":\"https:\\\/\\\/www.latelierabali.com\\\/#\\\/schema\\\/logo\\\/image\\\/\",\"url\":\"https:\\\/\\\/www.latelierabali.com\\\/wp-content\\\/uploads\\\/2022\\\/02\\\/LAtelier-1.png\",\"contentUrl\":\"https:\\\/\\\/www.latelierabali.com\\\/wp-content\\\/uploads\\\/2022\\\/02\\\/LAtelier-1.png\",\"width\":945,\"height\":591,\"caption\":\"L'atelier A Bali\"},\"image\":{\"@id\":\"https:\\\/\\\/www.latelierabali.com\\\/#\\\/schema\\\/logo\\\/image\\\/\"},\"sameAs\":[\"https:\\\/\\\/www.facebook.com\\\/latelierabali\",\"https:\\\/\\\/www.instagram.com\\\/latelierabali\\\/\"]}]}<\/script>\n<!-- \/ Yoast SEO plugin. -->","yoast_head_json":{"title":"Assiette C\u00e9ramique Bleu 3","description":"All colours and finishing are foodgrade, dishwasher safe dan microwave safe, for colour and finishing black colour because it's doff surface will no metal knife\/spoon making safe( Minimum order 24 pcs )We provide a minimum price for 24 pcsSize &amp; price:D 27-28 cm x 2 cm : \u20ac 18.8 for (1 pcs)D 25-26 cm x 2 cm : \u20ac 16.45 for (1 pcs)D 22-23 cm x 2 cm : \u20ac 14.1 for (1 pcs)if you buy 100 pcs, we will give you a good price Size &amp; price:D 27-28 cm x 2 cm : \u20ac 14.1 for (1 pcs)D 25-26 cm x 2 cm : \u20ac 12.22 for (1 pcs)D 22-23 cm x 2 cm : \u20ac 11.75 for (1 pcs)","robots":{"index":"index","follow":"follow","max-snippet":"max-snippet:-1","max-image-preview":"max-image-preview:large","max-video-preview":"max-video-preview:-1"},"canonical":"https:\/\/www.latelierabali.com\/fr\/produit\/ceramic-plate-blue-3\/","og_locale":"fr_FR","og_type":"article","og_title":"Ceramic Plate Blue 3","og_description":"All colours and finishing are foodgrade, dishwasher safe dan microwave safe, for colour and finishing black colour because it's doff surface will no metal knife\/spoon making safe( Minimum order 24 pcs )We provide a minimum price for 24 pcsSize &amp; price:D 27-28 cm x 2 cm : \u20ac 18.8 for (1 pcs)D 25-26 cm x 2 cm : \u20ac 16.45 for (1 pcs)D 22-23 cm x 2 cm : \u20ac 14.1 for (1 pcs)if you buy 100 pcs, we will give you a good price Size &amp; price:D 27-28 cm x 2 cm : \u20ac 14.1 for (1 pcs)D 25-26 cm x 2 cm : \u20ac 12.22 for (1 pcs)D 22-23 cm x 2 cm : \u20ac 11.75 for (1 pcs)","og_url":"https:\/\/www.latelierabali.com\/fr\/produit\/ceramic-plate-blue-3\/","og_site_name":"L&#039;atelier A Bali","article_publisher":"https:\/\/www.facebook.com\/latelierabali","article_modified_time":"2021-10-26T02:41:17+00:00","og_image":[{"width":768,"height":1024,"url":"https:\/\/www.latelierabali.com\/wp-content\/uploads\/2021\/10\/0216eb_97c8f0331a904ef399d2761d73076976mv2-1.jpg","type":"image\/jpeg"}],"twitter_card":"summary_large_image","schema":{"@context":"https:\/\/schema.org","@graph":[{"@type":["WebPage","ItemPage"],"@id":"https:\/\/www.latelierabali.com\/product\/ceramic-plate-blue-3\/","url":"https:\/\/www.latelierabali.com\/product\/ceramic-plate-blue-3\/","name":"Assiette C\u00e9ramique Bleu 3","isPartOf":{"@id":"https:\/\/www.latelierabali.com\/#website"},"primaryImageOfPage":{"@id":"https:\/\/www.latelierabali.com\/product\/ceramic-plate-blue-3\/#primaryimage"},"image":{"@id":"https:\/\/www.latelierabali.com\/product\/ceramic-plate-blue-3\/#primaryimage"},"thumbnailUrl":"https:\/\/www.latelierabali.com\/wp-content\/uploads\/2021\/10\/0216eb_97c8f0331a904ef399d2761d73076976mv2-1.jpg","datePublished":"2021-10-14T09:14:53+00:00","dateModified":"2021-10-26T02:41:17+00:00","description":"All colours and finishing are foodgrade, dishwasher safe dan microwave safe, for colour and finishing black colour because it's doff surface will no metal knife\/spoon making safe( Minimum order 24 pcs )We provide a minimum price for 24 pcsSize &amp; price:D 27-28 cm x 2 cm : \u20ac 18.8 for (1 pcs)D 25-26 cm x 2 cm : \u20ac 16.45 for (1 pcs)D 22-23 cm x 2 cm : \u20ac 14.1 for (1 pcs)if you buy 100 pcs, we will give you a good price Size &amp; price:D 27-28 cm x 2 cm : \u20ac 14.1 for (1 pcs)D 25-26 cm x 2 cm : \u20ac 12.22 for (1 pcs)D 22-23 cm x 2 cm : \u20ac 11.75 for (1 pcs)","breadcrumb":{"@id":"https:\/\/www.latelierabali.com\/product\/ceramic-plate-blue-3\/#breadcrumb"},"inLanguage":"fr-FR","potentialAction":[{"@type":"ReadAction","target":["https:\/\/www.latelierabali.com\/product\/ceramic-plate-blue-3\/"]}]},{"@type":"ImageObject","inLanguage":"fr-FR","@id":"https:\/\/www.latelierabali.com\/product\/ceramic-plate-blue-3\/#primaryimage","url":"https:\/\/www.latelierabali.com\/wp-content\/uploads\/2021\/10\/0216eb_97c8f0331a904ef399d2761d73076976mv2-1.jpg","contentUrl":"https:\/\/www.latelierabali.com\/wp-content\/uploads\/2021\/10\/0216eb_97c8f0331a904ef399d2761d73076976mv2-1.jpg","width":768,"height":1024,"caption":"Ceramic Plate Blue 3"},{"@type":"BreadcrumbList","@id":"https:\/\/www.latelierabali.com\/product\/ceramic-plate-blue-3\/#breadcrumb","itemListElement":[{"@type":"ListItem","position":1,"name":"Home","item":"https:\/\/www.latelierabali.com\/"},{"@type":"ListItem","position":2,"name":"Our Product","item":"https:\/\/www.latelierabali.com\/?page_id=4133"},{"@type":"ListItem","position":3,"name":"Ceramic Plate Blue 3"}]},{"@type":"WebSite","@id":"https:\/\/www.latelierabali.com\/#website","url":"https:\/\/www.latelierabali.com\/","name":"L&#039;atelier A Bali","description":"Nous concevons, fabriquons et exp\u00e9dions des meubles, de la d\u00e9coration, des luminaires et de l&#039;artisanat de Bali \u00e0 votre domicile !!","publisher":{"@id":"https:\/\/www.latelierabali.com\/#organization"},"potentialAction":[{"@type":"SearchAction","target":{"@type":"EntryPoint","urlTemplate":"https:\/\/www.latelierabali.com\/?s={search_term_string}"},"query-input":{"@type":"PropertyValueSpecification","valueRequired":true,"valueName":"search_term_string"}}],"inLanguage":"fr-FR"},{"@type":"Organization","@id":"https:\/\/www.latelierabali.com\/#organization","name":"L&#039;atelier A Bali","url":"https:\/\/www.latelierabali.com\/","logo":{"@type":"ImageObject","inLanguage":"fr-FR","@id":"https:\/\/www.latelierabali.com\/#\/schema\/logo\/image\/","url":"https:\/\/www.latelierabali.com\/wp-content\/uploads\/2022\/02\/LAtelier-1.png","contentUrl":"https:\/\/www.latelierabali.com\/wp-content\/uploads\/2022\/02\/LAtelier-1.png","width":945,"height":591,"caption":"L'atelier A Bali"},"image":{"@id":"https:\/\/www.latelierabali.com\/#\/schema\/logo\/image\/"},"sameAs":["https:\/\/www.facebook.com\/latelierabali","https:\/\/www.instagram.com\/latelierabali\/"]}]}},"_links":{"self":[{"href":"https:\/\/www.latelierabali.com\/fr\/wp-json\/wp\/v2\/product\/2597","targetHints":{"allow":["GET"]}}],"collection":[{"href":"https:\/\/www.latelierabali.com\/fr\/wp-json\/wp\/v2\/product"}],"about":[{"href":"https:\/\/www.latelierabali.com\/fr\/wp-json\/wp\/v2\/types\/product"}],"replies":[{"embeddable":true,"href":"https:\/\/www.latelierabali.com\/fr\/wp-json\/wp\/v2\/comments?post=2597"}],"wp:featuredmedia":[{"embeddable":true,"href":"https:\/\/www.latelierabali.com\/fr\/wp-json\/wp\/v2\/media\/2598"}],"wp:attachment":[{"href":"https:\/\/www.latelierabali.com\/fr\/wp-json\/wp\/v2\/media?parent=2597"}],"wp:term":[{"taxonomy":"product_brand","embeddable":true,"href":"https:\/\/www.latelierabali.com\/fr\/wp-json\/wp\/v2\/product_brand?post=2597"},{"taxonomy":"product_cat","embeddable":true,"href":"https:\/\/www.latelierabali.com\/fr\/wp-json\/wp\/v2\/product_cat?post=2597"},{"taxonomy":"product_tag","embeddable":true,"href":"https:\/\/www.latelierabali.com\/fr\/wp-json\/wp\/v2\/product_tag?post=2597"}],"curies":[{"name":"wp","href":"https:\/\/api.w.org\/{rel}","templated":true}]}}