{"id":21262,"date":"2022-02-16T03:56:22","date_gmt":"2022-02-16T03:56:22","guid":{"rendered":"https:\/\/www.latelierabali.com\/?post_type=product&#038;p=21262"},"modified":"2022-03-16T07:30:55","modified_gmt":"2022-03-16T07:30:55","slug":"kain-ikat-sumba-no-15","status":"publish","type":"product","link":"https:\/\/www.latelierabali.com\/fr\/produit\/kain-ikat-sumba-no-15\/","title":{"rendered":"Kain Ikat Sumba n\u00b015"},"content":{"rendered":"<p>Kain Ikat Sumba n\u00b015<\/p>\n<p>ETOLE<\/p>\n<p>Weaving Sumba Ikat is a type of cloth originating from the island of Sumba, East Nusa Tenggara. The type and pattern of the cloth has long been known because it is unique based on the materials used, motifs and the manufacturing process which takes a relatively long time, which is 4 to 6 months for a wide woven cloth. Sumba Island itself is very beautiful and famous in the world as one of the most beautiful islands. But about the beauty of the island is an assessment of the 2000s, while the allure of traditional ikat weaving has been known for centuries, and continues to be maintained by Sumbanese women. They handle the entire ikat weaving process from selecting the motif, preparing the materials (threads, dyes), the weaving process to producing a piece of cloth.<\/p>\n<p>&nbsp;<\/p>","protected":false},"excerpt":{"rendered":"<p>Kain Ikat Sumba No.15 ETOLE Weaving Sumba Ikat is a type of cloth originating from the island of Sumba, East Nusa Tenggara. The type and pattern of the cloth has long been known because it is unique based on the materials used, motifs and the manufacturing process which takes a relatively long time, which is [&hellip;]<\/p>\n","protected":false},"featured_media":21267,"comment_status":"closed","ping_status":"closed","template":"","meta":{"site-sidebar-layout":"default","site-content-layout":"default","ast-site-content-layout":"default","site-content-style":"default","site-sidebar-style":"default","ast-global-header-display":"","ast-banner-title-visibility":"","ast-main-header-display":"","ast-hfb-above-header-display":"","ast-hfb-below-header-display":"","ast-hfb-mobile-header-display":"","site-post-title":"","ast-breadcrumbs-content":"","ast-featured-img":"","footer-sml-layout":"","ast-disable-related-posts":"","theme-transparent-header-meta":"default","adv-header-id-meta":"","stick-header-meta":"default","header-above-stick-meta":"","header-main-stick-meta":"","header-below-stick-meta":"","astra-migrate-meta-layouts":"default","ast-page-background-enabled":"default","ast-page-background-meta":{"desktop":{"background-color":"","background-image":"","background-repeat":"repeat","background-position":"center center","background-size":"auto","background-attachment":"scroll","background-type":"","background-media":"","overlay-type":"","overlay-color":"","overlay-opacity":"","overlay-gradient":""},"tablet":{"background-color":"","background-image":"","background-repeat":"repeat","background-position":"center center","background-size":"auto","background-attachment":"scroll","background-type":"","background-media":"","overlay-type":"","overlay-color":"","overlay-opacity":"","overlay-gradient":""},"mobile":{"background-color":"","background-image":"","background-repeat":"repeat","background-position":"center center","background-size":"auto","background-attachment":"scroll","background-type":"","background-media":"","overlay-type":"","overlay-color":"","overlay-opacity":"","overlay-gradient":""}},"ast-content-background-meta":{"desktop":{"background-color":"var(--ast-global-color-5)","background-image":"","background-repeat":"repeat","background-position":"center center","background-size":"auto","background-attachment":"scroll","background-type":"","background-media":"","overlay-type":"","overlay-color":"","overlay-opacity":"","overlay-gradient":""},"tablet":{"background-color":"var(--ast-global-color-5)","background-image":"","background-repeat":"repeat","background-position":"center center","background-size":"auto","background-attachment":"scroll","background-type":"","background-media":"","overlay-type":"","overlay-color":"","overlay-opacity":"","overlay-gradient":""},"mobile":{"background-color":"var(--ast-global-color-5)","background-image":"","background-repeat":"repeat","background-position":"center center","background-size":"auto","background-attachment":"scroll","background-type":"","background-media":"","overlay-type":"","overlay-color":"","overlay-opacity":"","overlay-gradient":""}}},"product_brand":[],"product_cat":[44,290],"product_tag":[],"class_list":{"0":"post-21262","1":"product","2":"type-product","3":"status-publish","4":"has-post-thumbnail","6":"product_cat-homeware","7":"product_cat-traditional-fabric-of-sumba","8":"desktop-align-left","9":"tablet-align-left","10":"mobile-align-left","12":"first","13":"instock","14":"taxable","15":"shipping-taxable","16":"purchasable","17":"product-type-simple"},"yoast_head":"<!-- This site is optimized with the Yoast SEO plugin v27.3 - https:\/\/yoast.com\/product\/yoast-seo-wordpress\/ -->\n<title>Kain Ikat Sumba No.15 - L&#039;atelier A Bali<\/title>\n<meta name=\"description\" content=\"Weaving Sumba Ikat is a type of cloth originating from the island of Sumba, East Nusa Tenggara.\" \/>\n<meta name=\"robots\" content=\"index, follow, max-snippet:-1, max-image-preview:large, max-video-preview:-1\" \/>\n<link rel=\"canonical\" href=\"https:\/\/www.latelierabali.com\/fr\/produit\/kain-ikat-sumba-no-15\/\" \/>\n<meta property=\"og:locale\" content=\"fr_FR\" \/>\n<meta property=\"og:type\" content=\"article\" \/>\n<meta property=\"og:title\" content=\"Kain Ikat Sumba No.15 - L&#039;atelier A Bali\" \/>\n<meta property=\"og:description\" content=\"Weaving Sumba Ikat is a type of cloth originating from the island of Sumba, East Nusa Tenggara.\" \/>\n<meta property=\"og:url\" content=\"https:\/\/www.latelierabali.com\/fr\/produit\/kain-ikat-sumba-no-15\/\" \/>\n<meta property=\"og:site_name\" content=\"L&#039;atelier A Bali\" \/>\n<meta property=\"article:publisher\" content=\"https:\/\/www.facebook.com\/latelierabali\" \/>\n<meta property=\"article:modified_time\" content=\"2022-03-16T07:30:55+00:00\" \/>\n<meta property=\"og:image\" content=\"https:\/\/www.latelierabali.com\/wp-content\/uploads\/2022\/02\/Kain-Ikat-Sumba-No.15.jpg\" \/>\n\t<meta property=\"og:image:width\" content=\"435\" \/>\n\t<meta property=\"og:image:height\" content=\"960\" \/>\n\t<meta property=\"og:image:type\" content=\"image\/jpeg\" \/>\n<meta name=\"twitter:card\" content=\"summary_large_image\" \/>\n<meta name=\"twitter:label1\" content=\"Dur\u00e9e de lecture estim\u00e9e\" \/>\n\t<meta name=\"twitter:data1\" content=\"1 minute\" \/>\n<script type=\"application\/ld+json\" class=\"yoast-schema-graph\">{\"@context\":\"https:\\\/\\\/schema.org\",\"@graph\":[{\"@type\":[\"WebPage\",\"ItemPage\"],\"@id\":\"https:\\\/\\\/www.latelierabali.com\\\/fr\\\/produit\\\/kain-ikat-sumba-no-15\\\/\",\"url\":\"https:\\\/\\\/www.latelierabali.com\\\/fr\\\/produit\\\/kain-ikat-sumba-no-15\\\/\",\"name\":\"Kain Ikat Sumba No.15 - L&#039;atelier A Bali\",\"isPartOf\":{\"@id\":\"https:\\\/\\\/www.latelierabali.com\\\/#website\"},\"primaryImageOfPage\":{\"@id\":\"https:\\\/\\\/www.latelierabali.com\\\/fr\\\/produit\\\/kain-ikat-sumba-no-15\\\/#primaryimage\"},\"image\":{\"@id\":\"https:\\\/\\\/www.latelierabali.com\\\/fr\\\/produit\\\/kain-ikat-sumba-no-15\\\/#primaryimage\"},\"thumbnailUrl\":\"https:\\\/\\\/www.latelierabali.com\\\/wp-content\\\/uploads\\\/2022\\\/02\\\/Kain-Ikat-Sumba-No.15.jpg\",\"datePublished\":\"2022-02-16T03:56:22+00:00\",\"dateModified\":\"2022-03-16T07:30:55+00:00\",\"description\":\"Weaving Sumba Ikat is a type of cloth originating from the island of Sumba, East Nusa Tenggara.\",\"breadcrumb\":{\"@id\":\"https:\\\/\\\/www.latelierabali.com\\\/fr\\\/produit\\\/kain-ikat-sumba-no-15\\\/#breadcrumb\"},\"inLanguage\":\"fr-FR\",\"potentialAction\":[{\"@type\":\"ReadAction\",\"target\":[\"https:\\\/\\\/www.latelierabali.com\\\/fr\\\/produit\\\/kain-ikat-sumba-no-15\\\/\"]}]},{\"@type\":\"ImageObject\",\"inLanguage\":\"fr-FR\",\"@id\":\"https:\\\/\\\/www.latelierabali.com\\\/fr\\\/produit\\\/kain-ikat-sumba-no-15\\\/#primaryimage\",\"url\":\"https:\\\/\\\/www.latelierabali.com\\\/wp-content\\\/uploads\\\/2022\\\/02\\\/Kain-Ikat-Sumba-No.15.jpg\",\"contentUrl\":\"https:\\\/\\\/www.latelierabali.com\\\/wp-content\\\/uploads\\\/2022\\\/02\\\/Kain-Ikat-Sumba-No.15.jpg\",\"width\":435,\"height\":960,\"caption\":\"Kain Ikat Sumba No.15\"},{\"@type\":\"BreadcrumbList\",\"@id\":\"https:\\\/\\\/www.latelierabali.com\\\/fr\\\/produit\\\/kain-ikat-sumba-no-15\\\/#breadcrumb\",\"itemListElement\":[{\"@type\":\"ListItem\",\"position\":1,\"name\":\"Home\",\"item\":\"https:\\\/\\\/www.latelierabali.com\\\/\"},{\"@type\":\"ListItem\",\"position\":2,\"name\":\"Our Product\",\"item\":\"https:\\\/\\\/www.latelierabali.com\\\/?page_id=4133\"},{\"@type\":\"ListItem\",\"position\":3,\"name\":\"Kain Ikat Sumba No.15\"}]},{\"@type\":\"WebSite\",\"@id\":\"https:\\\/\\\/www.latelierabali.com\\\/#website\",\"url\":\"https:\\\/\\\/www.latelierabali.com\\\/\",\"name\":\"L'atelier A Bali\",\"description\":\"We design, manufacture and ship furniture, decoration, lighting and crafts from Bali to your home !!\",\"publisher\":{\"@id\":\"https:\\\/\\\/www.latelierabali.com\\\/#organization\"},\"potentialAction\":[{\"@type\":\"SearchAction\",\"target\":{\"@type\":\"EntryPoint\",\"urlTemplate\":\"https:\\\/\\\/www.latelierabali.com\\\/?s={search_term_string}\"},\"query-input\":{\"@type\":\"PropertyValueSpecification\",\"valueRequired\":true,\"valueName\":\"search_term_string\"}}],\"inLanguage\":\"fr-FR\"},{\"@type\":\"Organization\",\"@id\":\"https:\\\/\\\/www.latelierabali.com\\\/#organization\",\"name\":\"L'atelier A Bali\",\"url\":\"https:\\\/\\\/www.latelierabali.com\\\/\",\"logo\":{\"@type\":\"ImageObject\",\"inLanguage\":\"fr-FR\",\"@id\":\"https:\\\/\\\/www.latelierabali.com\\\/#\\\/schema\\\/logo\\\/image\\\/\",\"url\":\"https:\\\/\\\/www.latelierabali.com\\\/wp-content\\\/uploads\\\/2022\\\/02\\\/LAtelier-1.png\",\"contentUrl\":\"https:\\\/\\\/www.latelierabali.com\\\/wp-content\\\/uploads\\\/2022\\\/02\\\/LAtelier-1.png\",\"width\":945,\"height\":591,\"caption\":\"L'atelier A Bali\"},\"image\":{\"@id\":\"https:\\\/\\\/www.latelierabali.com\\\/#\\\/schema\\\/logo\\\/image\\\/\"},\"sameAs\":[\"https:\\\/\\\/www.facebook.com\\\/latelierabali\",\"https:\\\/\\\/www.instagram.com\\\/latelierabali\\\/\"]}]}<\/script>\n<!-- \/ Yoast SEO plugin. -->","yoast_head_json":{"title":"Kain Ikat Sumba No.15 - L&#039;atelier A Bali","description":"Weaving Sumba Ikat is a type of cloth originating from the island of Sumba, East Nusa Tenggara.","robots":{"index":"index","follow":"follow","max-snippet":"max-snippet:-1","max-image-preview":"max-image-preview:large","max-video-preview":"max-video-preview:-1"},"canonical":"https:\/\/www.latelierabali.com\/fr\/produit\/kain-ikat-sumba-no-15\/","og_locale":"fr_FR","og_type":"article","og_title":"Kain Ikat Sumba No.15 - L&#039;atelier A Bali","og_description":"Weaving Sumba Ikat is a type of cloth originating from the island of Sumba, East Nusa Tenggara.","og_url":"https:\/\/www.latelierabali.com\/fr\/produit\/kain-ikat-sumba-no-15\/","og_site_name":"L&#039;atelier A Bali","article_publisher":"https:\/\/www.facebook.com\/latelierabali","article_modified_time":"2022-03-16T07:30:55+00:00","og_image":[{"width":435,"height":960,"url":"https:\/\/www.latelierabali.com\/wp-content\/uploads\/2022\/02\/Kain-Ikat-Sumba-No.15.jpg","type":"image\/jpeg"}],"twitter_card":"summary_large_image","twitter_misc":{"Dur\u00e9e de lecture estim\u00e9e":"1 minute"},"schema":{"@context":"https:\/\/schema.org","@graph":[{"@type":["WebPage","ItemPage"],"@id":"https:\/\/www.latelierabali.com\/fr\/produit\/kain-ikat-sumba-no-15\/","url":"https:\/\/www.latelierabali.com\/fr\/produit\/kain-ikat-sumba-no-15\/","name":"Kain Ikat Sumba No.15 - L&#039;atelier A Bali","isPartOf":{"@id":"https:\/\/www.latelierabali.com\/#website"},"primaryImageOfPage":{"@id":"https:\/\/www.latelierabali.com\/fr\/produit\/kain-ikat-sumba-no-15\/#primaryimage"},"image":{"@id":"https:\/\/www.latelierabali.com\/fr\/produit\/kain-ikat-sumba-no-15\/#primaryimage"},"thumbnailUrl":"https:\/\/www.latelierabali.com\/wp-content\/uploads\/2022\/02\/Kain-Ikat-Sumba-No.15.jpg","datePublished":"2022-02-16T03:56:22+00:00","dateModified":"2022-03-16T07:30:55+00:00","description":"Weaving Sumba Ikat is a type of cloth originating from the island of Sumba, East Nusa Tenggara.","breadcrumb":{"@id":"https:\/\/www.latelierabali.com\/fr\/produit\/kain-ikat-sumba-no-15\/#breadcrumb"},"inLanguage":"fr-FR","potentialAction":[{"@type":"ReadAction","target":["https:\/\/www.latelierabali.com\/fr\/produit\/kain-ikat-sumba-no-15\/"]}]},{"@type":"ImageObject","inLanguage":"fr-FR","@id":"https:\/\/www.latelierabali.com\/fr\/produit\/kain-ikat-sumba-no-15\/#primaryimage","url":"https:\/\/www.latelierabali.com\/wp-content\/uploads\/2022\/02\/Kain-Ikat-Sumba-No.15.jpg","contentUrl":"https:\/\/www.latelierabali.com\/wp-content\/uploads\/2022\/02\/Kain-Ikat-Sumba-No.15.jpg","width":435,"height":960,"caption":"Kain Ikat Sumba No.15"},{"@type":"BreadcrumbList","@id":"https:\/\/www.latelierabali.com\/fr\/produit\/kain-ikat-sumba-no-15\/#breadcrumb","itemListElement":[{"@type":"ListItem","position":1,"name":"Home","item":"https:\/\/www.latelierabali.com\/"},{"@type":"ListItem","position":2,"name":"Our Product","item":"https:\/\/www.latelierabali.com\/?page_id=4133"},{"@type":"ListItem","position":3,"name":"Kain Ikat Sumba No.15"}]},{"@type":"WebSite","@id":"https:\/\/www.latelierabali.com\/#website","url":"https:\/\/www.latelierabali.com\/","name":"L&#039;atelier A Bali","description":"Nous concevons, fabriquons et exp\u00e9dions des meubles, de la d\u00e9coration, des luminaires et de l&#039;artisanat de Bali \u00e0 votre domicile !!","publisher":{"@id":"https:\/\/www.latelierabali.com\/#organization"},"potentialAction":[{"@type":"SearchAction","target":{"@type":"EntryPoint","urlTemplate":"https:\/\/www.latelierabali.com\/?s={search_term_string}"},"query-input":{"@type":"PropertyValueSpecification","valueRequired":true,"valueName":"search_term_string"}}],"inLanguage":"fr-FR"},{"@type":"Organization","@id":"https:\/\/www.latelierabali.com\/#organization","name":"L&#039;atelier A Bali","url":"https:\/\/www.latelierabali.com\/","logo":{"@type":"ImageObject","inLanguage":"fr-FR","@id":"https:\/\/www.latelierabali.com\/#\/schema\/logo\/image\/","url":"https:\/\/www.latelierabali.com\/wp-content\/uploads\/2022\/02\/LAtelier-1.png","contentUrl":"https:\/\/www.latelierabali.com\/wp-content\/uploads\/2022\/02\/LAtelier-1.png","width":945,"height":591,"caption":"L'atelier A Bali"},"image":{"@id":"https:\/\/www.latelierabali.com\/#\/schema\/logo\/image\/"},"sameAs":["https:\/\/www.facebook.com\/latelierabali","https:\/\/www.instagram.com\/latelierabali\/"]}]}},"_links":{"self":[{"href":"https:\/\/www.latelierabali.com\/fr\/wp-json\/wp\/v2\/product\/21262","targetHints":{"allow":["GET"]}}],"collection":[{"href":"https:\/\/www.latelierabali.com\/fr\/wp-json\/wp\/v2\/product"}],"about":[{"href":"https:\/\/www.latelierabali.com\/fr\/wp-json\/wp\/v2\/types\/product"}],"replies":[{"embeddable":true,"href":"https:\/\/www.latelierabali.com\/fr\/wp-json\/wp\/v2\/comments?post=21262"}],"wp:featuredmedia":[{"embeddable":true,"href":"https:\/\/www.latelierabali.com\/fr\/wp-json\/wp\/v2\/media\/21267"}],"wp:attachment":[{"href":"https:\/\/www.latelierabali.com\/fr\/wp-json\/wp\/v2\/media?parent=21262"}],"wp:term":[{"taxonomy":"product_brand","embeddable":true,"href":"https:\/\/www.latelierabali.com\/fr\/wp-json\/wp\/v2\/product_brand?post=21262"},{"taxonomy":"product_cat","embeddable":true,"href":"https:\/\/www.latelierabali.com\/fr\/wp-json\/wp\/v2\/product_cat?post=21262"},{"taxonomy":"product_tag","embeddable":true,"href":"https:\/\/www.latelierabali.com\/fr\/wp-json\/wp\/v2\/product_tag?post=21262"}],"curies":[{"name":"wp","href":"https:\/\/api.w.org\/{rel}","templated":true}]}}