{"id":1718,"date":"2021-10-14T09:03:00","date_gmt":"2021-10-14T09:03:00","guid":{"rendered":"https:\/\/latelierabali.com\/product\/decoration-size-xl-decoration-taille-xl\/"},"modified":"2023-03-24T05:49:16","modified_gmt":"2023-03-24T05:49:16","slug":"decoration-size-xl-decoration-taille-xl","status":"publish","type":"product","link":"https:\/\/www.latelierabali.com\/fr\/produit\/decoration-size-xl-decoration-taille-xl\/","title":{"rendered":"D\u00e9coration Taille XL \u2013 D\u00e9coration Taille XL"},"content":{"rendered":"<p>D\u00e9coration Taille XL \u2013 D\u00e9coration Taille XL<\/p>\n<p><strong>Options:<\/strong><\/p>\n<p><strong>a<\/strong>. full metal stand with round base;<\/p>\n<p><strong>b<\/strong>. full metal stand with rectangular base;<\/p>\n<p>&nbsp;<\/p>\n<p>Size :\u00a01200 \u00d7 1000 \u00d7 270 mm, 19000g<\/p>","protected":false},"excerpt":{"rendered":"<p>Decoration Size XL &#8211; D\u00e9coration Taille XL Options: a. full metal stand with round base; b. full metal stand with rectangular base; &nbsp; Size :\u00a01200 \u00d7 1000 \u00d7 270 mm, 19000g<\/p>","protected":false},"featured_media":20198,"comment_status":"open","ping_status":"closed","template":"","meta":{"site-sidebar-layout":"default","site-content-layout":"default","ast-site-content-layout":"default","site-content-style":"default","site-sidebar-style":"default","ast-global-header-display":"","ast-banner-title-visibility":"","ast-main-header-display":"","ast-hfb-above-header-display":"","ast-hfb-below-header-display":"","ast-hfb-mobile-header-display":"","site-post-title":"","ast-breadcrumbs-content":"","ast-featured-img":"","footer-sml-layout":"","ast-disable-related-posts":"","theme-transparent-header-meta":"default","adv-header-id-meta":"","stick-header-meta":"default","header-above-stick-meta":"","header-main-stick-meta":"","header-below-stick-meta":"","astra-migrate-meta-layouts":"default","ast-page-background-enabled":"default","ast-page-background-meta":{"desktop":{"background-color":"","background-image":"","background-repeat":"repeat","background-position":"center center","background-size":"auto","background-attachment":"scroll","background-type":"","background-media":"","overlay-type":"","overlay-color":"","overlay-opacity":"","overlay-gradient":""},"tablet":{"background-color":"","background-image":"","background-repeat":"repeat","background-position":"center center","background-size":"auto","background-attachment":"scroll","background-type":"","background-media":"","overlay-type":"","overlay-color":"","overlay-opacity":"","overlay-gradient":""},"mobile":{"background-color":"","background-image":"","background-repeat":"repeat","background-position":"center center","background-size":"auto","background-attachment":"scroll","background-type":"","background-media":"","overlay-type":"","overlay-color":"","overlay-opacity":"","overlay-gradient":""}},"ast-content-background-meta":{"desktop":{"background-color":"var(--ast-global-color-5)","background-image":"","background-repeat":"repeat","background-position":"center center","background-size":"auto","background-attachment":"scroll","background-type":"","background-media":"","overlay-type":"","overlay-color":"","overlay-opacity":"","overlay-gradient":""},"tablet":{"background-color":"var(--ast-global-color-5)","background-image":"","background-repeat":"repeat","background-position":"center center","background-size":"auto","background-attachment":"scroll","background-type":"","background-media":"","overlay-type":"","overlay-color":"","overlay-opacity":"","overlay-gradient":""},"mobile":{"background-color":"var(--ast-global-color-5)","background-image":"","background-repeat":"repeat","background-position":"center center","background-size":"auto","background-attachment":"scroll","background-type":"","background-media":"","overlay-type":"","overlay-color":"","overlay-opacity":"","overlay-gradient":""}}},"product_brand":[],"product_cat":[88,246],"product_tag":[],"class_list":{"0":"post-1718","1":"product","2":"type-product","3":"status-publish","4":"has-post-thumbnail","6":"product_cat-bamboo-decoration","7":"product_cat-handycraft","8":"desktop-align-left","9":"tablet-align-left","10":"mobile-align-left","12":"first","13":"instock","14":"purchasable","15":"product-type-simple"},"yoast_head":"<!-- This site is optimized with the Yoast SEO plugin v27.3 - https:\/\/yoast.com\/product\/yoast-seo-wordpress\/ -->\n<title>Decoration Size XL - D\u00e9coration Taille XL<\/title>\n<meta name=\"description\" content=\"Bamboo\u00a0\u00a0Options:a. full metal stand with round base;b. full metal stand with rectangular base;\u00a0Size :\u00a01200 \u00d7 1000 \u00d7 270 mm, 19000g\" \/>\n<meta name=\"robots\" content=\"index, follow, max-snippet:-1, max-image-preview:large, max-video-preview:-1\" \/>\n<link rel=\"canonical\" href=\"https:\/\/www.latelierabali.com\/fr\/produit\/decoration-size-xl-decoration-taille-xl\/\" \/>\n<meta property=\"og:locale\" content=\"fr_FR\" \/>\n<meta property=\"og:type\" content=\"article\" \/>\n<meta property=\"og:title\" content=\"Decoration Size XL - D\u00e9coration Taille XL\" \/>\n<meta property=\"og:description\" content=\"Bamboo\u00a0\u00a0Options:a. full metal stand with round base;b. full metal stand with rectangular base;\u00a0Size :\u00a01200 \u00d7 1000 \u00d7 270 mm, 19000g\" \/>\n<meta property=\"og:url\" content=\"https:\/\/www.latelierabali.com\/fr\/produit\/decoration-size-xl-decoration-taille-xl\/\" \/>\n<meta property=\"og:site_name\" content=\"L&#039;atelier A Bali\" \/>\n<meta property=\"article:publisher\" content=\"https:\/\/www.facebook.com\/latelierabali\" \/>\n<meta property=\"article:modified_time\" content=\"2023-03-24T05:49:16+00:00\" \/>\n<meta property=\"og:image\" content=\"https:\/\/www.latelierabali.com\/wp-content\/uploads\/2021\/10\/Decoration-Size-XL-Decoration-Taille-XL.jpg\" \/>\n\t<meta property=\"og:image:width\" content=\"600\" \/>\n\t<meta property=\"og:image:height\" content=\"600\" \/>\n\t<meta property=\"og:image:type\" content=\"image\/jpeg\" \/>\n<meta name=\"twitter:card\" content=\"summary_large_image\" \/>\n<meta name=\"twitter:label1\" content=\"Dur\u00e9e de lecture estim\u00e9e\" \/>\n\t<meta name=\"twitter:data1\" content=\"1 minute\" \/>\n<script type=\"application\/ld+json\" class=\"yoast-schema-graph\">{\"@context\":\"https:\\\/\\\/schema.org\",\"@graph\":[{\"@type\":[\"WebPage\",\"ItemPage\"],\"@id\":\"https:\\\/\\\/www.latelierabali.com\\\/product\\\/decoration-size-xl-decoration-taille-xl\\\/\",\"url\":\"https:\\\/\\\/www.latelierabali.com\\\/product\\\/decoration-size-xl-decoration-taille-xl\\\/\",\"name\":\"Decoration Size XL - D\u00e9coration Taille XL\",\"isPartOf\":{\"@id\":\"https:\\\/\\\/www.latelierabali.com\\\/#website\"},\"primaryImageOfPage\":{\"@id\":\"https:\\\/\\\/www.latelierabali.com\\\/product\\\/decoration-size-xl-decoration-taille-xl\\\/#primaryimage\"},\"image\":{\"@id\":\"https:\\\/\\\/www.latelierabali.com\\\/product\\\/decoration-size-xl-decoration-taille-xl\\\/#primaryimage\"},\"thumbnailUrl\":\"https:\\\/\\\/www.latelierabali.com\\\/wp-content\\\/uploads\\\/2021\\\/10\\\/Decoration-Size-XL-Decoration-Taille-XL.jpg\",\"datePublished\":\"2021-10-14T09:03:00+00:00\",\"dateModified\":\"2023-03-24T05:49:16+00:00\",\"description\":\"Bamboo\u00a0\u00a0Options:a. full metal stand with round base;b. full metal stand with rectangular base;\u00a0Size :\u00a01200 \u00d7 1000 \u00d7 270 mm, 19000g\",\"breadcrumb\":{\"@id\":\"https:\\\/\\\/www.latelierabali.com\\\/product\\\/decoration-size-xl-decoration-taille-xl\\\/#breadcrumb\"},\"inLanguage\":\"fr-FR\",\"potentialAction\":[{\"@type\":\"ReadAction\",\"target\":[\"https:\\\/\\\/www.latelierabali.com\\\/product\\\/decoration-size-xl-decoration-taille-xl\\\/\"]}]},{\"@type\":\"ImageObject\",\"inLanguage\":\"fr-FR\",\"@id\":\"https:\\\/\\\/www.latelierabali.com\\\/product\\\/decoration-size-xl-decoration-taille-xl\\\/#primaryimage\",\"url\":\"https:\\\/\\\/www.latelierabali.com\\\/wp-content\\\/uploads\\\/2021\\\/10\\\/Decoration-Size-XL-Decoration-Taille-XL.jpg\",\"contentUrl\":\"https:\\\/\\\/www.latelierabali.com\\\/wp-content\\\/uploads\\\/2021\\\/10\\\/Decoration-Size-XL-Decoration-Taille-XL.jpg\",\"width\":600,\"height\":600,\"caption\":\"Decoration Size XL - D\u00e9coration Taille XL\"},{\"@type\":\"BreadcrumbList\",\"@id\":\"https:\\\/\\\/www.latelierabali.com\\\/product\\\/decoration-size-xl-decoration-taille-xl\\\/#breadcrumb\",\"itemListElement\":[{\"@type\":\"ListItem\",\"position\":1,\"name\":\"Home\",\"item\":\"https:\\\/\\\/www.latelierabali.com\\\/\"},{\"@type\":\"ListItem\",\"position\":2,\"name\":\"Our Product\",\"item\":\"https:\\\/\\\/www.latelierabali.com\\\/?page_id=4133\"},{\"@type\":\"ListItem\",\"position\":3,\"name\":\"Decoration Size XL &#8211; D\u00e9coration Taille XL\"}]},{\"@type\":\"WebSite\",\"@id\":\"https:\\\/\\\/www.latelierabali.com\\\/#website\",\"url\":\"https:\\\/\\\/www.latelierabali.com\\\/\",\"name\":\"L'atelier A Bali\",\"description\":\"We design, manufacture and ship furniture, decoration, lighting and crafts from Bali to your home !!\",\"publisher\":{\"@id\":\"https:\\\/\\\/www.latelierabali.com\\\/#organization\"},\"potentialAction\":[{\"@type\":\"SearchAction\",\"target\":{\"@type\":\"EntryPoint\",\"urlTemplate\":\"https:\\\/\\\/www.latelierabali.com\\\/?s={search_term_string}\"},\"query-input\":{\"@type\":\"PropertyValueSpecification\",\"valueRequired\":true,\"valueName\":\"search_term_string\"}}],\"inLanguage\":\"fr-FR\"},{\"@type\":\"Organization\",\"@id\":\"https:\\\/\\\/www.latelierabali.com\\\/#organization\",\"name\":\"L'atelier A Bali\",\"url\":\"https:\\\/\\\/www.latelierabali.com\\\/\",\"logo\":{\"@type\":\"ImageObject\",\"inLanguage\":\"fr-FR\",\"@id\":\"https:\\\/\\\/www.latelierabali.com\\\/#\\\/schema\\\/logo\\\/image\\\/\",\"url\":\"https:\\\/\\\/www.latelierabali.com\\\/wp-content\\\/uploads\\\/2022\\\/02\\\/LAtelier-1.png\",\"contentUrl\":\"https:\\\/\\\/www.latelierabali.com\\\/wp-content\\\/uploads\\\/2022\\\/02\\\/LAtelier-1.png\",\"width\":945,\"height\":591,\"caption\":\"L'atelier A Bali\"},\"image\":{\"@id\":\"https:\\\/\\\/www.latelierabali.com\\\/#\\\/schema\\\/logo\\\/image\\\/\"},\"sameAs\":[\"https:\\\/\\\/www.facebook.com\\\/latelierabali\",\"https:\\\/\\\/www.instagram.com\\\/latelierabali\\\/\"]}]}<\/script>\n<!-- \/ Yoast SEO plugin. -->","yoast_head_json":{"title":"D\u00e9coration Taille XL - D\u00e9coration Taille XL","description":"Bamboo\u00a0\u00a0Options:a. full metal stand with round base;b. full metal stand with rectangular base;\u00a0Size :\u00a01200 \u00d7 1000 \u00d7 270 mm, 19000g","robots":{"index":"index","follow":"follow","max-snippet":"max-snippet:-1","max-image-preview":"max-image-preview:large","max-video-preview":"max-video-preview:-1"},"canonical":"https:\/\/www.latelierabali.com\/fr\/produit\/decoration-size-xl-decoration-taille-xl\/","og_locale":"fr_FR","og_type":"article","og_title":"Decoration Size XL - D\u00e9coration Taille XL","og_description":"Bamboo\u00a0\u00a0Options:a. full metal stand with round base;b. full metal stand with rectangular base;\u00a0Size :\u00a01200 \u00d7 1000 \u00d7 270 mm, 19000g","og_url":"https:\/\/www.latelierabali.com\/fr\/produit\/decoration-size-xl-decoration-taille-xl\/","og_site_name":"L&#039;atelier A Bali","article_publisher":"https:\/\/www.facebook.com\/latelierabali","article_modified_time":"2023-03-24T05:49:16+00:00","og_image":[{"width":600,"height":600,"url":"https:\/\/www.latelierabali.com\/wp-content\/uploads\/2021\/10\/Decoration-Size-XL-Decoration-Taille-XL.jpg","type":"image\/jpeg"}],"twitter_card":"summary_large_image","twitter_misc":{"Dur\u00e9e de lecture estim\u00e9e":"1 minute"},"schema":{"@context":"https:\/\/schema.org","@graph":[{"@type":["WebPage","ItemPage"],"@id":"https:\/\/www.latelierabali.com\/product\/decoration-size-xl-decoration-taille-xl\/","url":"https:\/\/www.latelierabali.com\/product\/decoration-size-xl-decoration-taille-xl\/","name":"D\u00e9coration Taille XL - D\u00e9coration Taille XL","isPartOf":{"@id":"https:\/\/www.latelierabali.com\/#website"},"primaryImageOfPage":{"@id":"https:\/\/www.latelierabali.com\/product\/decoration-size-xl-decoration-taille-xl\/#primaryimage"},"image":{"@id":"https:\/\/www.latelierabali.com\/product\/decoration-size-xl-decoration-taille-xl\/#primaryimage"},"thumbnailUrl":"https:\/\/www.latelierabali.com\/wp-content\/uploads\/2021\/10\/Decoration-Size-XL-Decoration-Taille-XL.jpg","datePublished":"2021-10-14T09:03:00+00:00","dateModified":"2023-03-24T05:49:16+00:00","description":"Bamboo\u00a0\u00a0Options:a. full metal stand with round base;b. full metal stand with rectangular base;\u00a0Size :\u00a01200 \u00d7 1000 \u00d7 270 mm, 19000g","breadcrumb":{"@id":"https:\/\/www.latelierabali.com\/product\/decoration-size-xl-decoration-taille-xl\/#breadcrumb"},"inLanguage":"fr-FR","potentialAction":[{"@type":"ReadAction","target":["https:\/\/www.latelierabali.com\/product\/decoration-size-xl-decoration-taille-xl\/"]}]},{"@type":"ImageObject","inLanguage":"fr-FR","@id":"https:\/\/www.latelierabali.com\/product\/decoration-size-xl-decoration-taille-xl\/#primaryimage","url":"https:\/\/www.latelierabali.com\/wp-content\/uploads\/2021\/10\/Decoration-Size-XL-Decoration-Taille-XL.jpg","contentUrl":"https:\/\/www.latelierabali.com\/wp-content\/uploads\/2021\/10\/Decoration-Size-XL-Decoration-Taille-XL.jpg","width":600,"height":600,"caption":"Decoration Size XL - D\u00e9coration Taille XL"},{"@type":"BreadcrumbList","@id":"https:\/\/www.latelierabali.com\/product\/decoration-size-xl-decoration-taille-xl\/#breadcrumb","itemListElement":[{"@type":"ListItem","position":1,"name":"Home","item":"https:\/\/www.latelierabali.com\/"},{"@type":"ListItem","position":2,"name":"Our Product","item":"https:\/\/www.latelierabali.com\/?page_id=4133"},{"@type":"ListItem","position":3,"name":"Decoration Size XL &#8211; D\u00e9coration Taille XL"}]},{"@type":"WebSite","@id":"https:\/\/www.latelierabali.com\/#website","url":"https:\/\/www.latelierabali.com\/","name":"L&#039;atelier A Bali","description":"Nous concevons, fabriquons et exp\u00e9dions des meubles, de la d\u00e9coration, des luminaires et de l&#039;artisanat de Bali \u00e0 votre domicile !!","publisher":{"@id":"https:\/\/www.latelierabali.com\/#organization"},"potentialAction":[{"@type":"SearchAction","target":{"@type":"EntryPoint","urlTemplate":"https:\/\/www.latelierabali.com\/?s={search_term_string}"},"query-input":{"@type":"PropertyValueSpecification","valueRequired":true,"valueName":"search_term_string"}}],"inLanguage":"fr-FR"},{"@type":"Organization","@id":"https:\/\/www.latelierabali.com\/#organization","name":"L&#039;atelier A Bali","url":"https:\/\/www.latelierabali.com\/","logo":{"@type":"ImageObject","inLanguage":"fr-FR","@id":"https:\/\/www.latelierabali.com\/#\/schema\/logo\/image\/","url":"https:\/\/www.latelierabali.com\/wp-content\/uploads\/2022\/02\/LAtelier-1.png","contentUrl":"https:\/\/www.latelierabali.com\/wp-content\/uploads\/2022\/02\/LAtelier-1.png","width":945,"height":591,"caption":"L'atelier A Bali"},"image":{"@id":"https:\/\/www.latelierabali.com\/#\/schema\/logo\/image\/"},"sameAs":["https:\/\/www.facebook.com\/latelierabali","https:\/\/www.instagram.com\/latelierabali\/"]}]}},"_links":{"self":[{"href":"https:\/\/www.latelierabali.com\/fr\/wp-json\/wp\/v2\/product\/1718","targetHints":{"allow":["GET"]}}],"collection":[{"href":"https:\/\/www.latelierabali.com\/fr\/wp-json\/wp\/v2\/product"}],"about":[{"href":"https:\/\/www.latelierabali.com\/fr\/wp-json\/wp\/v2\/types\/product"}],"replies":[{"embeddable":true,"href":"https:\/\/www.latelierabali.com\/fr\/wp-json\/wp\/v2\/comments?post=1718"}],"wp:featuredmedia":[{"embeddable":true,"href":"https:\/\/www.latelierabali.com\/fr\/wp-json\/wp\/v2\/media\/20198"}],"wp:attachment":[{"href":"https:\/\/www.latelierabali.com\/fr\/wp-json\/wp\/v2\/media?parent=1718"}],"wp:term":[{"taxonomy":"product_brand","embeddable":true,"href":"https:\/\/www.latelierabali.com\/fr\/wp-json\/wp\/v2\/product_brand?post=1718"},{"taxonomy":"product_cat","embeddable":true,"href":"https:\/\/www.latelierabali.com\/fr\/wp-json\/wp\/v2\/product_cat?post=1718"},{"taxonomy":"product_tag","embeddable":true,"href":"https:\/\/www.latelierabali.com\/fr\/wp-json\/wp\/v2\/product_tag?post=1718"}],"curies":[{"name":"wp","href":"https:\/\/api.w.org\/{rel}","templated":true}]}}