{"id":121,"date":"2021-10-14T08:31:39","date_gmt":"2021-10-14T08:31:39","guid":{"rendered":"https:\/\/latelierabali.com\/product\/shell-box\/"},"modified":"2021-11-23T08:37:18","modified_gmt":"2021-11-23T08:37:18","slug":"shell-box","status":"publish","type":"product","link":"https:\/\/www.latelierabali.com\/fr\/produit\/shell-box\/","title":{"rendered":"Bo\u00eete \u00e0 coquillages"},"content":{"rendered":"<div data-elementor-type=\"section\" data-elementor-id=\"121\" class=\"elementor elementor-121\" data-elementor-post-type=\"product\">\n\t\t\t\t\t<section class=\"elementor-section elementor-top-section elementor-element elementor-element-755250f8 elementor-section-boxed elementor-section-height-default elementor-section-height-default\" data-id=\"755250f8\" data-element_type=\"section\" data-e-type=\"section\" data-settings=\"{&quot;background_background&quot;:&quot;classic&quot;}\">\n\t\t\t\t\t\t<div class=\"elementor-container elementor-column-gap-default\">\n\t\t\t\t\t<div class=\"elementor-column elementor-col-33 elementor-top-column elementor-element elementor-element-3bf5cb21\" data-id=\"3bf5cb21\" data-element_type=\"column\" data-e-type=\"column\">\n\t\t\t<div class=\"elementor-widget-wrap elementor-element-populated\">\n\t\t\t\t\t\t<div class=\"elementor-element elementor-element-7aacae9b elementor-nav-menu__align-start elementor-nav-menu--dropdown-tablet elementor-nav-menu__text-align-aside elementor-nav-menu--toggle elementor-nav-menu--burger elementor-widget elementor-widget-nav-menu\" data-id=\"7aacae9b\" data-element_type=\"widget\" data-e-type=\"widget\" data-settings=\"{&quot;submenu_icon&quot;:{&quot;value&quot;:&quot;&lt;i class=\\&quot;fas fa-caret-down\\&quot;&gt;&lt;\\\/i&gt;&quot;,&quot;library&quot;:&quot;fa-solid&quot;},&quot;layout&quot;:&quot;horizontal&quot;,&quot;toggle&quot;:&quot;burger&quot;}\" data-widget_type=\"nav-menu.default\">\n\t\t\t\t<div class=\"elementor-widget-container\">\n\t\t\t\t\t\t\t\t<nav aria-label=\"Menu\" class=\"elementor-nav-menu--main elementor-nav-menu__container elementor-nav-menu--layout-horizontal e--pointer-overline e--animation-fade\">\n\t\t\t\t<ul id=\"menu-1-7aacae9b\" class=\"elementor-nav-menu\"><li class=\"trp-language-switcher-container menu-item menu-item-type-post_type menu-item-object-language_switcher current-language-menu-item menu-item-9458\"><a href=\"https:\/\/www.latelierabali.com\/fr\/wp-json\/wp\/v2\/product\/121\" class=\"elementor-item elementor-item-anchor menu-link\"><span data-no-translation><img decoding=\"async\" class=\"trp-flag-image\" src=\"https:\/\/www.latelierabali.com\/wp-content\/plugins\/translatepress-multilingual\/assets\/images\/flags\/en_US.png\" width=\"18\" height=\"12\" alt=\"en_US\" title=\"English\"><span class=\"trp-ls-language-name\">English<\/span><\/span><\/a><\/li>\n<li class=\"trp-language-switcher-container menu-item menu-item-type-post_type menu-item-object-language_switcher current-language-menu-item menu-item-9457\"><a href=\"https:\/\/www.latelierabali.com\/fr\/wp-json\/wp\/v2\/product\/121\" class=\"elementor-item elementor-item-anchor menu-link\"><span data-no-translation><img decoding=\"async\" class=\"trp-flag-image\" src=\"https:\/\/www.latelierabali.com\/wp-content\/plugins\/translatepress-multilingual\/assets\/images\/flags\/fr_FR.png\" width=\"18\" height=\"12\" alt=\"fr_FR\" title=\"French\"><span class=\"trp-ls-language-name\">French<\/span><\/span><\/a><\/li>\n<\/ul>\t\t\t<\/nav>\n\t\t\t\t\t<div class=\"elementor-menu-toggle\" role=\"button\" tabindex=\"0\" aria-label=\"Permuter le menu\" aria-expanded=\"false\">\n\t\t\t<i aria-hidden=\"true\" role=\"presentation\" class=\"elementor-menu-toggle__icon--open eicon-menu-bar\"><\/i><i aria-hidden=\"true\" role=\"presentation\" class=\"elementor-menu-toggle__icon--close eicon-close\"><\/i>\t\t<\/div>\n\t\t\t\t\t<nav class=\"elementor-nav-menu--dropdown elementor-nav-menu__container\" aria-hidden=\"true\">\n\t\t\t\t<ul id=\"menu-2-7aacae9b\" class=\"elementor-nav-menu\"><li class=\"trp-language-switcher-container menu-item menu-item-type-post_type menu-item-object-language_switcher current-language-menu-item menu-item-9458\"><a href=\"https:\/\/www.latelierabali.com\/fr\/wp-json\/wp\/v2\/product\/121\" class=\"elementor-item elementor-item-anchor menu-link\" tabindex=\"-1\"><span data-no-translation><img decoding=\"async\" class=\"trp-flag-image\" src=\"https:\/\/www.latelierabali.com\/wp-content\/plugins\/translatepress-multilingual\/assets\/images\/flags\/en_US.png\" width=\"18\" height=\"12\" alt=\"en_US\" title=\"English\"><span class=\"trp-ls-language-name\">English<\/span><\/span><\/a><\/li>\n<li class=\"trp-language-switcher-container menu-item menu-item-type-post_type menu-item-object-language_switcher current-language-menu-item menu-item-9457\"><a href=\"https:\/\/www.latelierabali.com\/fr\/wp-json\/wp\/v2\/product\/121\" class=\"elementor-item elementor-item-anchor menu-link\" tabindex=\"-1\"><span data-no-translation><img decoding=\"async\" class=\"trp-flag-image\" src=\"https:\/\/www.latelierabali.com\/wp-content\/plugins\/translatepress-multilingual\/assets\/images\/flags\/fr_FR.png\" width=\"18\" height=\"12\" alt=\"fr_FR\" title=\"French\"><span class=\"trp-ls-language-name\">French<\/span><\/span><\/a><\/li>\n<\/ul>\t\t\t<\/nav>\n\t\t\t\t\t\t<\/div>\n\t\t\t\t<\/div>\n\t\t\t\t\t<\/div>\n\t\t<\/div>\n\t\t\t\t<div class=\"elementor-column elementor-col-33 elementor-top-column elementor-element elementor-element-3792bb76\" data-id=\"3792bb76\" data-element_type=\"column\" data-e-type=\"column\">\n\t\t\t<div class=\"elementor-widget-wrap elementor-element-populated\">\n\t\t\t\t\t\t<div class=\"elementor-element elementor-element-1ccae438 elementor-widget elementor-widget-image\" data-id=\"1ccae438\" data-element_type=\"widget\" data-e-type=\"widget\" data-widget_type=\"image.default\">\n\t\t\t\t<div class=\"elementor-widget-container\">\n\t\t\t\t\t\t\t\t\t\t\t\t\t\t\t<img decoding=\"async\" src=\"https:\/\/www.latelierabali.com\/wp-content\/uploads\/elementor\/thumbs\/f4308d_d065da88b9394d1a9f1e4708e12aea2dmv2-2-q86btat02pln8t5g9040wdewopfwrfwprr41wnuysw.jpg\" title=\"Bo\u00eete \u00e0 coquillages amour\" alt=\"Bo\u00eete \u00e0 coquillages amour\" loading=\"lazy\" \/>\t\t\t\t\t\t\t\t\t\t\t\t\t\t\t<\/div>\n\t\t\t\t<\/div>\n\t\t\t\t\t<\/div>\n\t\t<\/div>\n\t\t\t\t<div class=\"elementor-column elementor-col-33 elementor-top-column elementor-element elementor-element-5c9f3c31\" data-id=\"5c9f3c31\" data-element_type=\"column\" data-e-type=\"column\">\n\t\t\t<div class=\"elementor-widget-wrap elementor-element-populated\">\n\t\t\t\t\t\t<section class=\"elementor-section elementor-inner-section elementor-element elementor-element-7ff073d9 elementor-section-boxed elementor-section-height-default elementor-section-height-default\" data-id=\"7ff073d9\" data-element_type=\"section\" data-e-type=\"section\">\n\t\t\t\t\t\t<div class=\"elementor-container elementor-column-gap-no\">\n\t\t\t\t\t<div class=\"elementor-column elementor-col-50 elementor-inner-column elementor-element elementor-element-5810622c\" data-id=\"5810622c\" data-element_type=\"column\" data-e-type=\"column\">\n\t\t\t<div class=\"elementor-widget-wrap elementor-element-populated\">\n\t\t\t\t\t\t<div class=\"elementor-element elementor-element-e1e41af elementor-widget elementor-widget-heading\" data-id=\"e1e41af\" data-element_type=\"widget\" data-e-type=\"widget\" data-widget_type=\"heading.default\">\n\t\t\t\t<div class=\"elementor-widget-container\">\n\t\t\t\t\t<p class=\"elementor-heading-title elementor-size-default\">Appelez le 123-456-789<\/p>\t\t\t\t<\/div>\n\t\t\t\t<\/div>\n\t\t\t\t\t<\/div>\n\t\t<\/div>\n\t\t\t\t<div class=\"elementor-column elementor-col-50 elementor-inner-column elementor-element elementor-element-d01647e\" data-id=\"d01647e\" data-element_type=\"column\" data-e-type=\"column\">\n\t\t\t<div class=\"elementor-widget-wrap elementor-element-populated\">\n\t\t\t\t\t\t<div class=\"elementor-element elementor-element-2ea28e89 animated-fast elementor-align-right elementor-mobile-align-center elementor-invisible elementor-widget elementor-widget-button\" data-id=\"2ea28e89\" data-element_type=\"widget\" data-e-type=\"widget\" data-settings=\"{&quot;_animation&quot;:&quot;fadeIn&quot;}\" data-widget_type=\"button.default\">\n\t\t\t\t<div class=\"elementor-widget-container\">\n\t\t\t\t\t\t\t\t\t<div class=\"elementor-button-wrapper\">\n\t\t\t\t\t<a class=\"elementor-button elementor-button-link elementor-size-sm\" href=\"#\">\n\t\t\t\t\t\t<span class=\"elementor-button-content-wrapper\">\n\t\t\t\t\t\t\t\t\t<span class=\"elementor-button-text\">Bouton<\/span>\n\t\t\t\t\t<\/span>\n\t\t\t\t\t<\/a>\n\t\t\t\t<\/div>\n\t\t\t\t\t\t\t\t<\/div>\n\t\t\t\t<\/div>\n\t\t\t\t\t<\/div>\n\t\t<\/div>\n\t\t\t\t\t<\/div>\n\t\t<\/section>\n\t\t\t\t\t<\/div>\n\t\t<\/div>\n\t\t\t\t\t<\/div>\n\t\t<\/section>\n\t\t\t\t<\/div>","protected":false},"excerpt":{"rendered":"<p>20cm<\/p>","protected":false},"featured_media":122,"comment_status":"open","ping_status":"closed","template":"","meta":{"site-sidebar-layout":"default","site-content-layout":"","ast-site-content-layout":"default","site-content-style":"default","site-sidebar-style":"default","ast-global-header-display":"","ast-banner-title-visibility":"","ast-main-header-display":"","ast-hfb-above-header-display":"","ast-hfb-below-header-display":"","ast-hfb-mobile-header-display":"","site-post-title":"","ast-breadcrumbs-content":"","ast-featured-img":"","footer-sml-layout":"","ast-disable-related-posts":"","theme-transparent-header-meta":"","adv-header-id-meta":"","stick-header-meta":"","header-above-stick-meta":"","header-main-stick-meta":"","header-below-stick-meta":"","astra-migrate-meta-layouts":"default","ast-page-background-enabled":"default","ast-page-background-meta":{"desktop":{"background-color":"","background-image":"","background-repeat":"repeat","background-position":"center center","background-size":"auto","background-attachment":"scroll","background-type":"","background-media":"","overlay-type":"","overlay-color":"","overlay-opacity":"","overlay-gradient":""},"tablet":{"background-color":"","background-image":"","background-repeat":"repeat","background-position":"center center","background-size":"auto","background-attachment":"scroll","background-type":"","background-media":"","overlay-type":"","overlay-color":"","overlay-opacity":"","overlay-gradient":""},"mobile":{"background-color":"","background-image":"","background-repeat":"repeat","background-position":"center center","background-size":"auto","background-attachment":"scroll","background-type":"","background-media":"","overlay-type":"","overlay-color":"","overlay-opacity":"","overlay-gradient":""}},"ast-content-background-meta":{"desktop":{"background-color":"var(--ast-global-color-5)","background-image":"","background-repeat":"repeat","background-position":"center center","background-size":"auto","background-attachment":"scroll","background-type":"","background-media":"","overlay-type":"","overlay-color":"","overlay-opacity":"","overlay-gradient":""},"tablet":{"background-color":"var(--ast-global-color-5)","background-image":"","background-repeat":"repeat","background-position":"center center","background-size":"auto","background-attachment":"scroll","background-type":"","background-media":"","overlay-type":"","overlay-color":"","overlay-opacity":"","overlay-gradient":""},"mobile":{"background-color":"var(--ast-global-color-5)","background-image":"","background-repeat":"repeat","background-position":"center center","background-size":"auto","background-attachment":"scroll","background-type":"","background-media":"","overlay-type":"","overlay-color":"","overlay-opacity":"","overlay-gradient":""}}},"product_brand":[],"product_cat":[55],"product_tag":[],"class_list":{"0":"post-121","1":"product","2":"type-product","3":"status-publish","4":"has-post-thumbnail","6":"product_cat-shell-decoration","7":"desktop-align-left","8":"tablet-align-left","9":"mobile-align-left","11":"first","12":"instock","13":"purchasable","14":"product-type-simple"},"yoast_head":"<!-- This site is optimized with the Yoast SEO plugin v27.4 - https:\/\/yoast.com\/product\/yoast-seo-wordpress\/ -->\n<title>Shell box<\/title>\n<meta name=\"description\" content=\"20cm\" \/>\n<meta name=\"robots\" content=\"index, follow, max-snippet:-1, max-image-preview:large, max-video-preview:-1\" \/>\n<link rel=\"canonical\" href=\"https:\/\/www.latelierabali.com\/fr\/produit\/shell-box\/\" \/>\n<meta property=\"og:locale\" content=\"fr_FR\" \/>\n<meta property=\"og:type\" content=\"article\" \/>\n<meta property=\"og:title\" content=\"Shell box\" \/>\n<meta property=\"og:description\" content=\"20cm\" \/>\n<meta property=\"og:url\" content=\"https:\/\/www.latelierabali.com\/fr\/produit\/shell-box\/\" \/>\n<meta property=\"og:site_name\" content=\"L&#039;atelier A Bali\" \/>\n<meta property=\"article:publisher\" content=\"https:\/\/www.facebook.com\/latelierabali\" \/>\n<meta property=\"article:modified_time\" content=\"2021-11-23T08:37:18+00:00\" \/>\n<meta property=\"og:image\" content=\"https:\/\/www.latelierabali.com\/wp-content\/uploads\/2021\/10\/3ea2e0_980c8f6a71874e9ebd6c58fed4e4205emv2-2.jpg\" \/>\n\t<meta property=\"og:image:width\" content=\"286\" \/>\n\t<meta property=\"og:image:height\" content=\"301\" \/>\n\t<meta property=\"og:image:type\" content=\"image\/jpeg\" \/>\n<meta name=\"twitter:card\" content=\"summary_large_image\" \/>\n<script type=\"application\/ld+json\" class=\"yoast-schema-graph\">{\"@context\":\"https:\\\/\\\/schema.org\",\"@graph\":[{\"@type\":[\"WebPage\",\"ItemPage\"],\"@id\":\"https:\\\/\\\/www.latelierabali.com\\\/product\\\/shell-box\\\/\",\"url\":\"https:\\\/\\\/www.latelierabali.com\\\/product\\\/shell-box\\\/\",\"name\":\"Shell box\",\"isPartOf\":{\"@id\":\"https:\\\/\\\/www.latelierabali.com\\\/#website\"},\"primaryImageOfPage\":{\"@id\":\"https:\\\/\\\/www.latelierabali.com\\\/product\\\/shell-box\\\/#primaryimage\"},\"image\":{\"@id\":\"https:\\\/\\\/www.latelierabali.com\\\/product\\\/shell-box\\\/#primaryimage\"},\"thumbnailUrl\":\"https:\\\/\\\/www.latelierabali.com\\\/wp-content\\\/uploads\\\/2021\\\/10\\\/3ea2e0_980c8f6a71874e9ebd6c58fed4e4205emv2-2.jpg\",\"datePublished\":\"2021-10-14T08:31:39+00:00\",\"dateModified\":\"2021-11-23T08:37:18+00:00\",\"description\":\"20cm\",\"breadcrumb\":{\"@id\":\"https:\\\/\\\/www.latelierabali.com\\\/product\\\/shell-box\\\/#breadcrumb\"},\"inLanguage\":\"fr-FR\",\"potentialAction\":[{\"@type\":\"ReadAction\",\"target\":[\"https:\\\/\\\/www.latelierabali.com\\\/product\\\/shell-box\\\/\"]}]},{\"@type\":\"ImageObject\",\"inLanguage\":\"fr-FR\",\"@id\":\"https:\\\/\\\/www.latelierabali.com\\\/product\\\/shell-box\\\/#primaryimage\",\"url\":\"https:\\\/\\\/www.latelierabali.com\\\/wp-content\\\/uploads\\\/2021\\\/10\\\/3ea2e0_980c8f6a71874e9ebd6c58fed4e4205emv2-2.jpg\",\"contentUrl\":\"https:\\\/\\\/www.latelierabali.com\\\/wp-content\\\/uploads\\\/2021\\\/10\\\/3ea2e0_980c8f6a71874e9ebd6c58fed4e4205emv2-2.jpg\",\"width\":286,\"height\":301,\"caption\":\"Shell box\"},{\"@type\":\"BreadcrumbList\",\"@id\":\"https:\\\/\\\/www.latelierabali.com\\\/product\\\/shell-box\\\/#breadcrumb\",\"itemListElement\":[{\"@type\":\"ListItem\",\"position\":1,\"name\":\"Home\",\"item\":\"https:\\\/\\\/www.latelierabali.com\\\/\"},{\"@type\":\"ListItem\",\"position\":2,\"name\":\"Our Product\",\"item\":\"https:\\\/\\\/www.latelierabali.com\\\/?page_id=4133\"},{\"@type\":\"ListItem\",\"position\":3,\"name\":\"Shell box\"}]},{\"@type\":\"WebSite\",\"@id\":\"https:\\\/\\\/www.latelierabali.com\\\/#website\",\"url\":\"https:\\\/\\\/www.latelierabali.com\\\/\",\"name\":\"L'atelier A Bali\",\"description\":\"We design, manufacture and ship furniture, decoration, lighting and crafts from Bali to your home !!\",\"publisher\":{\"@id\":\"https:\\\/\\\/www.latelierabali.com\\\/#organization\"},\"potentialAction\":[{\"@type\":\"SearchAction\",\"target\":{\"@type\":\"EntryPoint\",\"urlTemplate\":\"https:\\\/\\\/www.latelierabali.com\\\/?s={search_term_string}\"},\"query-input\":{\"@type\":\"PropertyValueSpecification\",\"valueRequired\":true,\"valueName\":\"search_term_string\"}}],\"inLanguage\":\"fr-FR\"},{\"@type\":\"Organization\",\"@id\":\"https:\\\/\\\/www.latelierabali.com\\\/#organization\",\"name\":\"L'atelier A Bali\",\"url\":\"https:\\\/\\\/www.latelierabali.com\\\/\",\"logo\":{\"@type\":\"ImageObject\",\"inLanguage\":\"fr-FR\",\"@id\":\"https:\\\/\\\/www.latelierabali.com\\\/#\\\/schema\\\/logo\\\/image\\\/\",\"url\":\"https:\\\/\\\/www.latelierabali.com\\\/wp-content\\\/uploads\\\/2022\\\/02\\\/LAtelier-1.png\",\"contentUrl\":\"https:\\\/\\\/www.latelierabali.com\\\/wp-content\\\/uploads\\\/2022\\\/02\\\/LAtelier-1.png\",\"width\":945,\"height\":591,\"caption\":\"L'atelier A Bali\"},\"image\":{\"@id\":\"https:\\\/\\\/www.latelierabali.com\\\/#\\\/schema\\\/logo\\\/image\\\/\"},\"sameAs\":[\"https:\\\/\\\/www.facebook.com\\\/latelierabali\",\"https:\\\/\\\/www.instagram.com\\\/latelierabali\\\/\"]}]}<\/script>\n<!-- \/ Yoast SEO plugin. -->","yoast_head_json":{"title":"Bo\u00eete \u00e0 coquillages","description":"20cm","robots":{"index":"index","follow":"follow","max-snippet":"max-snippet:-1","max-image-preview":"max-image-preview:large","max-video-preview":"max-video-preview:-1"},"canonical":"https:\/\/www.latelierabali.com\/fr\/produit\/shell-box\/","og_locale":"fr_FR","og_type":"article","og_title":"Shell box","og_description":"20cm","og_url":"https:\/\/www.latelierabali.com\/fr\/produit\/shell-box\/","og_site_name":"L&#039;atelier A Bali","article_publisher":"https:\/\/www.facebook.com\/latelierabali","article_modified_time":"2021-11-23T08:37:18+00:00","og_image":[{"width":286,"height":301,"url":"https:\/\/www.latelierabali.com\/wp-content\/uploads\/2021\/10\/3ea2e0_980c8f6a71874e9ebd6c58fed4e4205emv2-2.jpg","type":"image\/jpeg"}],"twitter_card":"summary_large_image","schema":{"@context":"https:\/\/schema.org","@graph":[{"@type":["WebPage","ItemPage"],"@id":"https:\/\/www.latelierabali.com\/product\/shell-box\/","url":"https:\/\/www.latelierabali.com\/product\/shell-box\/","name":"Bo\u00eete \u00e0 coquillages","isPartOf":{"@id":"https:\/\/www.latelierabali.com\/#website"},"primaryImageOfPage":{"@id":"https:\/\/www.latelierabali.com\/product\/shell-box\/#primaryimage"},"image":{"@id":"https:\/\/www.latelierabali.com\/product\/shell-box\/#primaryimage"},"thumbnailUrl":"https:\/\/www.latelierabali.com\/wp-content\/uploads\/2021\/10\/3ea2e0_980c8f6a71874e9ebd6c58fed4e4205emv2-2.jpg","datePublished":"2021-10-14T08:31:39+00:00","dateModified":"2021-11-23T08:37:18+00:00","description":"20cm","breadcrumb":{"@id":"https:\/\/www.latelierabali.com\/product\/shell-box\/#breadcrumb"},"inLanguage":"fr-FR","potentialAction":[{"@type":"ReadAction","target":["https:\/\/www.latelierabali.com\/product\/shell-box\/"]}]},{"@type":"ImageObject","inLanguage":"fr-FR","@id":"https:\/\/www.latelierabali.com\/product\/shell-box\/#primaryimage","url":"https:\/\/www.latelierabali.com\/wp-content\/uploads\/2021\/10\/3ea2e0_980c8f6a71874e9ebd6c58fed4e4205emv2-2.jpg","contentUrl":"https:\/\/www.latelierabali.com\/wp-content\/uploads\/2021\/10\/3ea2e0_980c8f6a71874e9ebd6c58fed4e4205emv2-2.jpg","width":286,"height":301,"caption":"Shell box"},{"@type":"BreadcrumbList","@id":"https:\/\/www.latelierabali.com\/product\/shell-box\/#breadcrumb","itemListElement":[{"@type":"ListItem","position":1,"name":"Home","item":"https:\/\/www.latelierabali.com\/"},{"@type":"ListItem","position":2,"name":"Our Product","item":"https:\/\/www.latelierabali.com\/?page_id=4133"},{"@type":"ListItem","position":3,"name":"Shell box"}]},{"@type":"WebSite","@id":"https:\/\/www.latelierabali.com\/#website","url":"https:\/\/www.latelierabali.com\/","name":"L&#039;atelier A Bali","description":"Nous concevons, fabriquons et exp\u00e9dions des meubles, de la d\u00e9coration, des luminaires et de l&#039;artisanat de Bali \u00e0 votre domicile !!","publisher":{"@id":"https:\/\/www.latelierabali.com\/#organization"},"potentialAction":[{"@type":"SearchAction","target":{"@type":"EntryPoint","urlTemplate":"https:\/\/www.latelierabali.com\/?s={search_term_string}"},"query-input":{"@type":"PropertyValueSpecification","valueRequired":true,"valueName":"search_term_string"}}],"inLanguage":"fr-FR"},{"@type":"Organization","@id":"https:\/\/www.latelierabali.com\/#organization","name":"L&#039;atelier A Bali","url":"https:\/\/www.latelierabali.com\/","logo":{"@type":"ImageObject","inLanguage":"fr-FR","@id":"https:\/\/www.latelierabali.com\/#\/schema\/logo\/image\/","url":"https:\/\/www.latelierabali.com\/wp-content\/uploads\/2022\/02\/LAtelier-1.png","contentUrl":"https:\/\/www.latelierabali.com\/wp-content\/uploads\/2022\/02\/LAtelier-1.png","width":945,"height":591,"caption":"L'atelier A Bali"},"image":{"@id":"https:\/\/www.latelierabali.com\/#\/schema\/logo\/image\/"},"sameAs":["https:\/\/www.facebook.com\/latelierabali","https:\/\/www.instagram.com\/latelierabali\/"]}]}},"_links":{"self":[{"href":"https:\/\/www.latelierabali.com\/fr\/wp-json\/wp\/v2\/product\/121","targetHints":{"allow":["GET"]}}],"collection":[{"href":"https:\/\/www.latelierabali.com\/fr\/wp-json\/wp\/v2\/product"}],"about":[{"href":"https:\/\/www.latelierabali.com\/fr\/wp-json\/wp\/v2\/types\/product"}],"replies":[{"embeddable":true,"href":"https:\/\/www.latelierabali.com\/fr\/wp-json\/wp\/v2\/comments?post=121"}],"wp:featuredmedia":[{"embeddable":true,"href":"https:\/\/www.latelierabali.com\/fr\/wp-json\/wp\/v2\/media\/122"}],"wp:attachment":[{"href":"https:\/\/www.latelierabali.com\/fr\/wp-json\/wp\/v2\/media?parent=121"}],"wp:term":[{"taxonomy":"product_brand","embeddable":true,"href":"https:\/\/www.latelierabali.com\/fr\/wp-json\/wp\/v2\/product_brand?post=121"},{"taxonomy":"product_cat","embeddable":true,"href":"https:\/\/www.latelierabali.com\/fr\/wp-json\/wp\/v2\/product_cat?post=121"},{"taxonomy":"product_tag","embeddable":true,"href":"https:\/\/www.latelierabali.com\/fr\/wp-json\/wp\/v2\/product_tag?post=121"}],"curies":[{"name":"wp","href":"https:\/\/api.w.org\/{rel}","templated":true}]}}